{"id":637,"date":"2022-03-21T07:42:33","date_gmt":"2022-03-21T07:42:33","guid":{"rendered":"https:\/\/exhifuture.com\/contact\/"},"modified":"2024-08-07T16:33:44","modified_gmt":"2024-08-07T13:33:44","slug":"iletisim","status":"publish","type":"page","link":"https:\/\/exhifuture.com\/en\/contact\/","title":{"rendered":"Contact"},"content":{"rendered":"<h1>\n\t\tContact\n\t<\/h1>\n\t<iframe src=\"https:\/\/www.google.com\/maps\/embed?pb=!1m18!1m12!1m3!1d96296.31282337676!2d28.820481116669242!3d41.0414478984474!2m3!1f0!2f0!3f0!3m2!1i1024!2i768!4f13.1!3m3!1m2!1s0x14cabb9c1939b55d%3A0x57a0067126b11dd1!2zxLBmYXMgxLBzdGFuYnVs!5e0!3m2!1str!2str!4v1705570627514!5m2!1str!2str\" width=\"100%\" height=\"450\" allowfullscreen=\"\" loading=\"lazy\" referrerpolicy=\"no-referrer-when-downgrade\"><\/iframe>\n\t<ul>\n\t\t<li>\t\t\t\t\n\t\t<p>\u0130stanbul Du\u0308nya Ticaret Merkezi, Atatu\u0308rk Cad. A1<br \/>Blok Kat:5 No:226 Yes\u0327ilko\u0308y Bak\u0131rko\u0308y\u00a0<strong>I\u0307stanbul \/ TU\u0308RKI\u0307YE<\/strong><\/p><\/li>\t<\/ul>\n\t<ul>\n\t\t<li>\t\t\t\t\n\t\t<p><a href=\"tel: 902124666261\">+90 212 466 62 61<\/a><\/p><\/li>\t<\/ul>\n\t<ul>\n\t\t<li>\t\t\t\t\n\t\t<p><a href=\"mailto:info@exhifuture.com\">info@exhifuture.com<\/a><\/p><\/li>\t<\/ul>\n\t<h3>\n\t\t\t\tFollow us\n\t\t\t<\/h3>\n<h3>\n\t\tWrite to Us\n\t<\/h3>\n\t\t\t\t<img decoding=\"async\" src=\"https:\/\/exhifuture.com\/wp-content\/uploads\/2024\/01\/Kurumsal_Logo_beyaz.png\" alt=\"Kurumsal_Logo_beyaz\" title=\"Kurumsal_Logo_beyaz\" itemprop=\"image\"  \/>\n<h2>\n\t\tCorporate\n\t<\/h2>\n\t\t\t\t\t<ul id=\"menu-sol-menu\"><li id=\"menu-item-2970\"><a href=\"https:\/\/exhifuture.com\/en\/corporate\/\">About Us<\/a><\/li>\n<li id=\"menu-item-2973\"><a href=\"https:\/\/exhifuture.com\/en\/corporate\/mission-vision\/\">Mission &amp; Vision<\/a><\/li>\n<li id=\"menu-item-2971\"><a href=\"https:\/\/exhifuture.com\/en\/corporate\/our-team\/\">Our Team<\/a><\/li>\n<li id=\"menu-item-2972\"><a href=\"https:\/\/exhifuture.com\/en\/corporate\/human-resources\/\">Human Resources<\/a><\/li>\n<li id=\"menu-item-3022\"><a href=\"https:\/\/exhifuture.com\/en\/corporate\/press\/\">Press<\/a><\/li>\n<\/ul>\t\n\t<h2>\n\t\tServices\n\t<\/h2>\n\t\t\t\t\t<ul id=\"menu-sag-menu\"><li id=\"menu-item-2976\"><a href=\"https:\/\/exhifuture.com\/en\/activity-areas\/fairs\/\">Fairs<\/a><\/li>\n<li id=\"menu-item-2974\"><a href=\"https:\/\/exhifuture.com\/en\/activity-areas\/b2b-meetings\/\">B2B Meetings<\/a><\/li>\n<li id=\"menu-item-2975\"><a href=\"https:\/\/exhifuture.com\/en\/activity-areas\/event-calendar\/\">Event Calendar<\/a><\/li>\n<\/ul>\t\n\t<h2>\n\t\tContact\n\t<\/h2>\n<p>\u0130stanbul Du\u0308nya Ticaret Merkezi, Atatu\u0308rk Cad. A1 Blok Kat:5 No:226 Yes\u0327ilko\u0308y Bak\u0131rko\u0308y <strong>I\u0307stanbul \/ TU\u0308RKI\u0307YE<\/strong><\/p>\n<p><a href=\"mailto:info@exhifuture.com\">info@exhifuture.com <\/a><\/p>\n<p><a href=\"tel: 902124666261\">+90 212 466 62 61<\/a><\/p>\n\t<p>Copyright \u00a9 2024 EXHIFUTURE \u0130stanbul &#8211; <a href=\"https:\/\/exhifuture.com\/en\/kvkk-metni\/\">GDPR Text<\/a><\/p>\n\t<p>Web Design<a href=\"https:\/\/www.digitalkure.com\/\"> Digital K\u00fcre<\/a> \u00ae<\/p>","protected":false},"excerpt":{"rendered":"<p>\u0130stanbul Du\u0308nya Ticaret Merkezi, Atatu\u0308rk &hellip;<\/p>\n<p class=\"read-more\"> <a class=\"\" href=\"https:\/\/exhifuture.com\/en\/contact\/\"> <span class=\"screen-reader-text\">Contact<\/span> Read More \u00bb<\/a><\/p>","protected":false},"author":2,"featured_media":0,"parent":0,"menu_order":0,"comment_status":"closed","ping_status":"closed","template":"","meta":{"_uag_custom_page_level_css":"","site-sidebar-layout":"no-sidebar","site-content-layout":"page-builder","ast-site-content-layout":"full-width-container","site-content-style":"unboxed","site-sidebar-style":"unboxed","ast-global-header-display":"","ast-banner-title-visibility":"","ast-main-header-display":"","ast-hfb-above-header-display":"","ast-hfb-below-header-display":"","ast-hfb-mobile-header-display":"","site-post-title":"disabled","ast-breadcrumbs-content":"","ast-featured-img":"disabled","footer-sml-layout":"","theme-transparent-header-meta":"disabled","adv-header-id-meta":"","stick-header-meta":"","header-above-stick-meta":"","header-main-stick-meta":"","header-below-stick-meta":"","astra-migrate-meta-layouts":"set","footnotes":""},"class_list":["post-637","page","type-page","status-publish","hentry"],"uagb_featured_image_src":{"full":false,"thumbnail":false,"medium":false,"medium_large":false,"large":false,"1536x1536":false,"2048x2048":false,"trp-custom-language-flag":false},"uagb_author_info":{"display_name":"Bora Y\u0131ld\u0131r\u0131m","author_link":"https:\/\/exhifuture.com\/en\/author\/bora\/"},"uagb_comment_info":0,"uagb_excerpt":"\u0130stanbul Du\u0308nya Ticaret Merkezi, Atatu\u0308rk &hellip; \u0130leti\u015fim Read More \u00bb","_links":{"self":[{"href":"https:\/\/exhifuture.com\/en\/wp-json\/wp\/v2\/pages\/637","targetHints":{"allow":["GET"]}}],"collection":[{"href":"https:\/\/exhifuture.com\/en\/wp-json\/wp\/v2\/pages"}],"about":[{"href":"https:\/\/exhifuture.com\/en\/wp-json\/wp\/v2\/types\/page"}],"author":[{"embeddable":true,"href":"https:\/\/exhifuture.com\/en\/wp-json\/wp\/v2\/users\/2"}],"replies":[{"embeddable":true,"href":"https:\/\/exhifuture.com\/en\/wp-json\/wp\/v2\/comments?post=637"}],"version-history":[{"count":3,"href":"https:\/\/exhifuture.com\/en\/wp-json\/wp\/v2\/pages\/637\/revisions"}],"predecessor-version":[{"id":3476,"href":"https:\/\/exhifuture.com\/en\/wp-json\/wp\/v2\/pages\/637\/revisions\/3476"}],"wp:attachment":[{"href":"https:\/\/exhifuture.com\/en\/wp-json\/wp\/v2\/media?parent=637"}],"curies":[{"name":"wp","href":"https:\/\/api.w.org\/{rel}","templated":true}]}}