{"id":633,"date":"2022-03-21T07:42:33","date_gmt":"2022-03-21T07:42:33","guid":{"rendered":"https:\/\/exhifuture.com\/about\/"},"modified":"2024-08-12T17:20:14","modified_gmt":"2024-08-12T14:20:14","slug":"kurumsal","status":"publish","type":"page","link":"https:\/\/exhifuture.com\/en\/corporate\/","title":{"rendered":"Corporate"},"content":{"rendered":"<h1>\n\t\tCorporate\n\t<\/h1>\n<h2>\n\t\tAbout Us\n\t<\/h2>\n\t<p><strong><em>20 Years of Experience in Fair Organization: Adding Value to the World!<\/em><\/strong><\/p>\n<p>EXHIFUTURE, 20 y\u0131ll\u0131k deneyimiyle d\u00fcnya \u00e7ap\u0131nda bir\u00e7ok co\u011frafyada ba\u015far\u0131l\u0131 fuar organizasyonlar\u0131, B2B etkinlikler, ikili g\u00f6r\u00fc\u015fmeler ve sat\u0131n alma heyeti projelerini hayata ge\u00e7iren deneyimli bir ekip taraf\u0131ndan kurulmu\u015ftur. Fransa&#8217;dan Japonya&#8217;ya, Rusya&#8217;dan G\u00fcney Afrika&#8217;ya, Amerika Birle\u015fik Devletleri&#8217;nden \u00c7in&#8217;e kadar uluslararas\u0131 arenada faaliyet g\u00f6stererek; biriktirdi\u011fimiz deneyim ve geni\u015f network a\u011f\u0131m\u0131z ile d\u00fcnya genelinde her k\u0131tada operasyon yapabilme yetene\u011fimizi geli\u015ftirdik.<\/p>\n<p>As EXHIFUTURE, we have made it our mission to add value to the business world and contribute to the economy of our country by overcoming the challenges posed by international trade. With our solution-oriented approach, we are looking for innovative ways to turn the challenges of trade into opportunities and add value to the business world. This mission is a reflection of our determination to build a stronger and more competitive Turkey for the future.<\/p>\n<p><strong>Her projemizde, 20 y\u0131ll\u0131k deneyimimizin getirdi\u011fi g\u00fcveni ve uzmanl\u0131\u011f\u0131 sunarak, EXHIFUTURE Fark\u0131&#8217;n\u0131 hissettiriyoruz.<\/strong><\/p>\n\t\t\t\t<img decoding=\"async\" src=\"https:\/\/exhifuture.com\/wp-content\/uploads\/2024\/01\/Kurumsal_Logo_beyaz.png\" alt=\"Kurumsal_Logo_beyaz\" title=\"Kurumsal_Logo_beyaz\" itemprop=\"image\"  \/>\n<h2>\n\t\tCorporate\n\t<\/h2>\n\t\t\t\t\t<ul id=\"menu-sol-menu\"><li id=\"menu-item-2970\"><a href=\"https:\/\/exhifuture.com\/en\/corporate\/\">About Us<\/a><\/li>\n<li id=\"menu-item-2973\"><a href=\"https:\/\/exhifuture.com\/en\/corporate\/mission-vision\/\">Mission &amp; Vision<\/a><\/li>\n<li id=\"menu-item-2971\"><a href=\"https:\/\/exhifuture.com\/en\/corporate\/our-team\/\">Our Team<\/a><\/li>\n<li id=\"menu-item-2972\"><a href=\"https:\/\/exhifuture.com\/en\/corporate\/human-resources\/\">Human Resources<\/a><\/li>\n<li id=\"menu-item-3022\"><a href=\"https:\/\/exhifuture.com\/en\/corporate\/press\/\">Press<\/a><\/li>\n<\/ul>\t\n\t<h2>\n\t\tServices\n\t<\/h2>\n\t\t\t\t\t<ul id=\"menu-sag-menu\"><li id=\"menu-item-2976\"><a href=\"https:\/\/exhifuture.com\/en\/activity-areas\/fairs\/\">Fairs<\/a><\/li>\n<li id=\"menu-item-2974\"><a href=\"https:\/\/exhifuture.com\/en\/activity-areas\/b2b-meetings\/\">B2B Meetings<\/a><\/li>\n<li id=\"menu-item-2975\"><a href=\"https:\/\/exhifuture.com\/en\/activity-areas\/event-calendar\/\">Event Calendar<\/a><\/li>\n<\/ul>\t\n\t<h2>\n\t\tContact\n\t<\/h2>\n<p>\u0130stanbul Du\u0308nya Ticaret Merkezi, Atatu\u0308rk Cad. A1 Blok Kat:5 No:226 Yes\u0327ilko\u0308y Bak\u0131rko\u0308y <strong>I\u0307stanbul \/ TU\u0308RKI\u0307YE<\/strong><\/p>\n<p><a href=\"mailto:info@exhifuture.com\">info@exhifuture.com <\/a><\/p>\n<p><a href=\"tel: 902124666261\">+90 212 466 62 61<\/a><\/p>\n\t<p>Copyright \u00a9 2024 EXHIFUTURE \u0130stanbul &#8211; <a href=\"https:\/\/exhifuture.com\/en\/kvkk-metni\/\">GDPR Text<\/a><\/p>\n\t<p>Web Design<strong><a href=\"https:\/\/www.digitalkure.com\/\"> Digital K\u00fcre<\/a> \u00ae<\/strong><\/p>","protected":false},"excerpt":{"rendered":"<p>Hakk\u0131m\u0131zda Fuar Organizasyonunda 20 Y\u0131l &hellip;<\/p>\n<p class=\"read-more\"> <a class=\"\" href=\"https:\/\/exhifuture.com\/en\/corporate\/\"> <span class=\"screen-reader-text\">Corporate<\/span> Read More \u00bb<\/a><\/p>","protected":false},"author":2,"featured_media":0,"parent":0,"menu_order":0,"comment_status":"closed","ping_status":"closed","template":"","meta":{"_uag_custom_page_level_css":"","site-sidebar-layout":"no-sidebar","site-content-layout":"page-builder","ast-site-content-layout":"full-width-container","site-content-style":"unboxed","site-sidebar-style":"unboxed","ast-global-header-display":"","ast-banner-title-visibility":"","ast-main-header-display":"","ast-hfb-above-header-display":"","ast-hfb-below-header-display":"","ast-hfb-mobile-header-display":"","site-post-title":"disabled","ast-breadcrumbs-content":"","ast-featured-img":"disabled","footer-sml-layout":"","theme-transparent-header-meta":"disabled","adv-header-id-meta":"","stick-header-meta":"","header-above-stick-meta":"","header-main-stick-meta":"","header-below-stick-meta":"","astra-migrate-meta-layouts":"set","footnotes":""},"class_list":["post-633","page","type-page","status-publish","hentry"],"uagb_featured_image_src":{"full":false,"thumbnail":false,"medium":false,"medium_large":false,"large":false,"1536x1536":false,"2048x2048":false,"trp-custom-language-flag":false},"uagb_author_info":{"display_name":"Bora Y\u0131ld\u0131r\u0131m","author_link":"https:\/\/exhifuture.com\/en\/author\/bora\/"},"uagb_comment_info":0,"uagb_excerpt":"Hakk\u0131m\u0131zda Fuar Organizasyonunda 20 Y\u0131l &hellip; Kurumsal Read More \u00bb","_links":{"self":[{"href":"https:\/\/exhifuture.com\/en\/wp-json\/wp\/v2\/pages\/633","targetHints":{"allow":["GET"]}}],"collection":[{"href":"https:\/\/exhifuture.com\/en\/wp-json\/wp\/v2\/pages"}],"about":[{"href":"https:\/\/exhifuture.com\/en\/wp-json\/wp\/v2\/types\/page"}],"author":[{"embeddable":true,"href":"https:\/\/exhifuture.com\/en\/wp-json\/wp\/v2\/users\/2"}],"replies":[{"embeddable":true,"href":"https:\/\/exhifuture.com\/en\/wp-json\/wp\/v2\/comments?post=633"}],"version-history":[{"count":4,"href":"https:\/\/exhifuture.com\/en\/wp-json\/wp\/v2\/pages\/633\/revisions"}],"predecessor-version":[{"id":3507,"href":"https:\/\/exhifuture.com\/en\/wp-json\/wp\/v2\/pages\/633\/revisions\/3507"}],"wp:attachment":[{"href":"https:\/\/exhifuture.com\/en\/wp-json\/wp\/v2\/media?parent=633"}],"curies":[{"name":"wp","href":"https:\/\/api.w.org\/{rel}","templated":true}]}}