{"id":632,"date":"2022-03-21T07:42:33","date_gmt":"2022-03-21T07:42:33","guid":{"rendered":"https:\/\/exhifuture.com\/home\/"},"modified":"2025-05-12T18:11:40","modified_gmt":"2025-05-12T15:11:40","slug":"anasayfa","status":"publish","type":"page","link":"https:\/\/exhifuture.com\/en\/","title":{"rendered":"Home"},"content":{"rendered":"<h3>\n\t\t\t\tActivity Areas\n\t\t\t<\/h3>\n\t\t<p>The events we organize as EXHIFUTURE are special platforms that shape the dynamics of the business world, trigger innovation and add value to the sectors.<\/p>\t\n\t\t\t\t<img decoding=\"async\" src=\"https:\/\/exhifuture.com\/wp-content\/uploads\/2024\/01\/globe_12868655.png\" alt=\"globe_12868655\" title=\"globe_12868655\" itemprop=\"image\"\/>\n\t<h4>\n\t\t\t\tFairs\n\t\t\t<\/h4>\n\t\t<p class=\" translation-block\">Every exhibition we organize as EXHIFUTURE offers a unique platform for professionals who want to follow the latest developments in the sector, make new business connections and get together with the leaders in the sector. Dec.<\/p>\t\n\t<h4>\n\t\t\t\tB2B Meetings\n\t\t\t<\/h4>\n\t\t<p>EXHIFUTURE&#8217;n\u0131n d\u00fczenledi\u011fi B2B G\u00f6r\u00fc\u015fmeler, i\u015f d\u00fcnyas\u0131n\u0131n liderlerini ve profesyonellerini bir araya getirerek i\u015f birli\u011fi ve ticaret olanaklar\u0131n\u0131 art\u0131r\u0131yor.<\/p>\t\n\t<h4>\n\t\t\t\tEvent Calendar\n\t\t\t<\/h4>\n\t\t<p class=\" translation-block\">Check out the EXHIFUTURE Event calendar to avoid missing the current developments in your industry, to meet with potential business partners and to expand your professional network. This calendar offers you the chance to meet the leaders of the business world and evaluate cooperation opportunities. The business world of the future is taking shape here, check out our calendar to experience this experience too!<\/p>\t\n\t<h3>\n\t\t\t\tEXHIFUTURE: Global Success with 20 Years of Experience in the Exhibition and Event Sector!\n\t\t\t<\/h3>\n\t\t<p>With its 20 years of experience in exhibition and event organization, EXHIFUTURE offers specially designed solutions and strategies to ensure that companies get the highest efficiency from the events they participate in.<\/p>\t\n\t\t<h3>Customized Strategic Planning for Your Brand:<\/h3>\t\t\t\n\t\t\t\t<p>EXHIFUTURE draws the roadmap for your company to achieve its goals with the strategic planning it prepares specifically for your brand at every event.<\/p>\n\t\t<h3>Strategic Communication and Promotion Services:<\/h3>\t\t\t\n\t\t\t\t<p>EXHIFUTURE strengthens your brand awareness by offering customized communication strategies to increase interaction with your participants, as well as strategic advertising and promotional campaigns that will allow you to reach your target audience before and during the event.<\/p>\n\t\t<h3>Stand Design and Implementation:<\/h3>\t\t\t\n\t\t\t\t<p class=\" translation-block\">EXHIFUTURE offers impressive and original designs for your spaces with its expertise in stand design and implementation. It takes your event experience to the next level with attractive and functional stands that will represent your brand in the best way.<\/p>\n\t\t\t\t<img loading=\"lazy\" decoding=\"async\" src=\"https:\/\/exhifuture.com\/wp-content\/uploads\/2024\/08\/sadasf34.webp\" alt=\"sadasf34\" itemprop=\"image\" height=\"1072\" width=\"1072\" title=\"sadasf34\" onerror=\"this.style.display='none'\"  \/>\n\t<h3>\n\t\t\t\tThe Future of the Business World Is Taking Shape Here\n\t\t\t<\/h3>\n\t\t<p>Check out the EXHIFUTURE Event calendar to avoid missing the current developments in your industry, to meet with potential business partners and to expand your professional network.<\/p>\t\n\t\t\t<a href=\"https:\/\/exhifuture.com\/en\/activity-areas\/event-calendar\/\" target=\"_blank\" rel=\"noopener\"  role=\"button\">\n\t\t\t\t\t\t\t\t\t\t\tEvent Calendar\n\t\t<\/a>\n\t\t\t\t<img decoding=\"async\" src=\"https:\/\/exhifuture.com\/wp-content\/uploads\/2024\/01\/Kurumsal_Logo_beyaz.png\" alt=\"Kurumsal_Logo_beyaz\" title=\"Kurumsal_Logo_beyaz\" itemprop=\"image\"  \/>\n<h2>\n\t\tCorporate\n\t<\/h2>\n\t\t\t\t\t<ul id=\"menu-sol-menu\"><li id=\"menu-item-2970\"><a href=\"https:\/\/exhifuture.com\/en\/corporate\/\">About Us<\/a><\/li>\n<li id=\"menu-item-2973\"><a href=\"https:\/\/exhifuture.com\/en\/corporate\/mission-vision\/\">Mission &amp; Vision<\/a><\/li>\n<li id=\"menu-item-2971\"><a href=\"https:\/\/exhifuture.com\/en\/corporate\/our-team\/\">Our Team<\/a><\/li>\n<li id=\"menu-item-2972\"><a href=\"https:\/\/exhifuture.com\/en\/corporate\/human-resources\/\">Human Resources<\/a><\/li>\n<li id=\"menu-item-3022\"><a href=\"https:\/\/exhifuture.com\/en\/corporate\/press\/\">Press<\/a><\/li>\n<\/ul>\t\n\t<h2>\n\t\tServices\n\t<\/h2>\n\t\t\t\t\t<ul id=\"menu-sag-menu\"><li id=\"menu-item-2976\"><a href=\"https:\/\/exhifuture.com\/en\/activity-areas\/fairs\/\">Fairs<\/a><\/li>\n<li id=\"menu-item-2974\"><a href=\"https:\/\/exhifuture.com\/en\/activity-areas\/b2b-meetings\/\">B2B Meetings<\/a><\/li>\n<li id=\"menu-item-2975\"><a href=\"https:\/\/exhifuture.com\/en\/activity-areas\/event-calendar\/\">Event Calendar<\/a><\/li>\n<\/ul>\t\n\t<h2>\n\t\tContact\n\t<\/h2>\n<p>\u0130stanbul Du\u0308nya Ticaret Merkezi, Atatu\u0308rk Cad. A1 Blok Kat:5 No:226 Yes\u0327ilko\u0308y Bak\u0131rko\u0308y <strong>I\u0307stanbul \/ TU\u0308RKI\u0307YE<\/strong><\/p>\n<p><a href=\"mailto:info@exhifuture.com\">info@exhifuture.com <\/a><\/p>\n<p><a href=\"tel: 902124666261\">+90 212 466 62 61<\/a><\/p>\n\t<p>Copyright \u00a9 2024 EXHIFUTURE \u0130stanbul &#8211; <a href=\"https:\/\/exhifuture.com\/en\/kvkk-metni\/\">GDPR Text<\/a><\/p>","protected":false},"excerpt":{"rendered":"<p>Faaliyet Alanlar\u0131m\u0131z EXHIFUTURE olarak d\u00fczenledi\u011fimiz &hellip;<\/p>\n<p class=\"read-more\"> <a class=\"\" href=\"https:\/\/exhifuture.com\/en\/\"> <span class=\"screen-reader-text\">Home<\/span> Read More \u00bb<\/a><\/p>","protected":false},"author":2,"featured_media":0,"parent":0,"menu_order":0,"comment_status":"closed","ping_status":"closed","template":"","meta":{"_uag_custom_page_level_css":"","site-sidebar-layout":"no-sidebar","site-content-layout":"page-builder","ast-site-content-layout":"full-width-container","site-content-style":"unboxed","site-sidebar-style":"unboxed","ast-global-header-display":"","ast-banner-title-visibility":"","ast-main-header-display":"","ast-hfb-above-header-display":"","ast-hfb-below-header-display":"","ast-hfb-mobile-header-display":"","site-post-title":"disabled","ast-breadcrumbs-content":"","ast-featured-img":"disabled","footer-sml-layout":"","theme-transparent-header-meta":"default","adv-header-id-meta":"","stick-header-meta":"","header-above-stick-meta":"","header-main-stick-meta":"","header-below-stick-meta":"","astra-migrate-meta-layouts":"set","footnotes":""},"class_list":["post-632","page","type-page","status-publish","hentry"],"uagb_featured_image_src":{"full":false,"thumbnail":false,"medium":false,"medium_large":false,"large":false,"1536x1536":false,"2048x2048":false,"trp-custom-language-flag":false},"uagb_author_info":{"display_name":"Bora Y\u0131ld\u0131r\u0131m","author_link":"https:\/\/exhifuture.com\/en\/author\/bora\/"},"uagb_comment_info":0,"uagb_excerpt":"Faaliyet Alanlar\u0131m\u0131z EXHIFUTURE olarak d\u00fczenledi\u011fimiz &hellip; Anasayfa Read More \u00bb","_links":{"self":[{"href":"https:\/\/exhifuture.com\/en\/wp-json\/wp\/v2\/pages\/632","targetHints":{"allow":["GET"]}}],"collection":[{"href":"https:\/\/exhifuture.com\/en\/wp-json\/wp\/v2\/pages"}],"about":[{"href":"https:\/\/exhifuture.com\/en\/wp-json\/wp\/v2\/types\/page"}],"author":[{"embeddable":true,"href":"https:\/\/exhifuture.com\/en\/wp-json\/wp\/v2\/users\/2"}],"replies":[{"embeddable":true,"href":"https:\/\/exhifuture.com\/en\/wp-json\/wp\/v2\/comments?post=632"}],"version-history":[{"count":9,"href":"https:\/\/exhifuture.com\/en\/wp-json\/wp\/v2\/pages\/632\/revisions"}],"predecessor-version":[{"id":3518,"href":"https:\/\/exhifuture.com\/en\/wp-json\/wp\/v2\/pages\/632\/revisions\/3518"}],"wp:attachment":[{"href":"https:\/\/exhifuture.com\/en\/wp-json\/wp\/v2\/media?parent=632"}],"curies":[{"name":"wp","href":"https:\/\/api.w.org\/{rel}","templated":true}]}}