{"id":3348,"date":"2024-01-26T11:05:49","date_gmt":"2024-01-26T11:05:49","guid":{"rendered":"https:\/\/exhifuture.com\/?page_id=3348"},"modified":"2024-08-07T15:26:08","modified_gmt":"2024-08-07T12:26:08","slug":"manifesto","status":"publish","type":"page","link":"https:\/\/exhifuture.com\/en\/corporate\/manifest\/","title":{"rendered":"Manifest"},"content":{"rendered":"<h1>\n\t\tManifest\n\t<\/h1>\n\t\t\t\t<img decoding=\"async\" src=\"https:\/\/exhifuture.com\/wp-content\/uploads\/2024\/01\/49a14a6b45.png\" alt=\"49a14a6b45\" title=\"49a14a6b45\" itemprop=\"image\"\/>\n\t\t<h2>\n\t\tManifest\n\t<\/h2>\n\t<p><em>Manifesto to Exhibit the Future<\/em><\/p>\n<p>Hayal g\u00fcc\u00fcyle s\u0131n\u0131rlar\u0131 zorlamak, yenilikleri ke\u015ffetmek ve ilerlemenin \u00f6nc\u00fcs\u00fc olmak&#8230; EXHIFUTURE, &#8220;Gelece\u011fi Sergileyin&#8221; mottosuyla yola \u00e7\u0131k\u0131yor ve sizi bir ad\u0131m \u00f6ne ta\u015f\u0131may\u0131 vaat ediyor.<\/p>\n<p>&nbsp;<\/p>\n<p>We, as EXHIFUTURE, believe that the future belongs not only to those who wait, but to those who design. Those who shape the future are those who always take the lead and do not hesitate to go forward with bold steps. EXHIFUTURE is here to be a supporter of this bold vision of yours.<\/p>\n<p>&nbsp;<\/p>\n<strong>Vision for the Future:<\/strong><br \/>\nTo build the future is not only to keep up with technology, but also to be able to foresee it. EXHIFUTURE is committed to providing the most effective strategies by following the developments in your sector, designing exhibition organizations and B2B negotiations together with you.\n<p>&nbsp;<\/p>\n<strong>Innovation and Creativity:<\/strong><br \/>\nEXHIFUTURE offers you special solutions by thinking not only about today, but also about tomorrow. Together with you, we want to make your business more competitive by catching up with the latest trends and innovations in your industry.\n<p>&nbsp;<\/p>\n<strong>Leader in Digital Transformation:<\/strong><br \/>\nEXHIFUTURE is here to enable you to become the leader of digital transformation. We support you to build stronger ties with your customers with innovative digital marketing strategies and technological solutions.\n<p>&nbsp;<\/p>\n<strong>Global Network and Collaborations:<\/strong><br \/>\nEXHIFUTURE offers the opportunity to exhibit your brand on a global platform with exhibition organizations organized at home and abroad. In addition, it helps you to build strong networks internationally by creating suitable environments for B2B negotiations and collaborations.\n<p>&nbsp;<\/p>\n<strong>Sustainable Future:<\/strong><br \/>\nAs EXHIFUTURE, we focus not only on technological progress, but also on contributing to a sustainable future in our sector. We aim to be a pioneer in our sector with effective and environmentally friendly fair organizations.\n<p>&nbsp;<\/p>\n<strong>Success Stories:<\/strong><br \/>\nYour success stories are our motivation. As EXHIFUTURE, we are proud of every success story we have written together with you. We are here to achieve many more successes together in the future.\n<p>&nbsp;<\/p>\n<p>EXHIFUTURE is the assurance of shaping your future and showcasing your industry. Look forward, push the boundaries and together with EXHIFUTURE <strong>&#8220;Gelece\u011fi Sergileyin!&#8221;<\/strong><\/p>\n\t\t\t\t<img decoding=\"async\" src=\"https:\/\/exhifuture.com\/wp-content\/uploads\/2024\/01\/Kurumsal_Logo_beyaz.png\" alt=\"Kurumsal_Logo_beyaz\" title=\"Kurumsal_Logo_beyaz\" itemprop=\"image\"  \/>\n<h2>\n\t\tCorporate\n\t<\/h2>\n\t\t\t\t\t<ul id=\"menu-sol-menu\"><li id=\"menu-item-2970\"><a href=\"https:\/\/exhifuture.com\/en\/corporate\/\">About Us<\/a><\/li>\n<li id=\"menu-item-2973\"><a href=\"https:\/\/exhifuture.com\/en\/corporate\/mission-vision\/\">Mission &amp; Vision<\/a><\/li>\n<li id=\"menu-item-2971\"><a href=\"https:\/\/exhifuture.com\/en\/corporate\/our-team\/\">Our Team<\/a><\/li>\n<li id=\"menu-item-2972\"><a href=\"https:\/\/exhifuture.com\/en\/corporate\/human-resources\/\">Human Resources<\/a><\/li>\n<li id=\"menu-item-3022\"><a href=\"https:\/\/exhifuture.com\/en\/corporate\/press\/\">Press<\/a><\/li>\n<\/ul>\t\n\t<h2>\n\t\tServices\n\t<\/h2>\n\t\t\t\t\t<ul id=\"menu-sag-menu\"><li id=\"menu-item-2976\"><a href=\"https:\/\/exhifuture.com\/en\/activity-areas\/fairs\/\">Fairs<\/a><\/li>\n<li id=\"menu-item-2974\"><a href=\"https:\/\/exhifuture.com\/en\/activity-areas\/b2b-meetings\/\">B2B Meetings<\/a><\/li>\n<li id=\"menu-item-2975\"><a href=\"https:\/\/exhifuture.com\/en\/activity-areas\/event-calendar\/\">Event Calendar<\/a><\/li>\n<\/ul>\t\n\t<h2>\n\t\tContact\n\t<\/h2>\n<p>\u0130stanbul Du\u0308nya Ticaret Merkezi, Atatu\u0308rk Cad. A1 Blok Kat:5 No:226 Yes\u0327ilko\u0308y Bak\u0131rko\u0308y <strong>I\u0307stanbul \/ TU\u0308RKI\u0307YE<\/strong><\/p>\n<p><a href=\"mailto:info@exhifuture.com\">info@exhifuture.com <\/a><\/p>\n<p><a href=\"tel: 902124666261\">+90 212 466 62 61<\/a><\/p>\n\t<p>Copyright \u00a9 2024 EXHIFUTURE \u0130stanbul &#8211; <a href=\"https:\/\/exhifuture.com\/en\/kvkk-metni\/\">GDPR Text<\/a><\/p>\n\t<p>Web Design<a href=\"https:\/\/www.digitalkure.com\/\"> Digital K\u00fcre<\/a> \u00ae<\/p>","protected":false},"excerpt":{"rendered":"<p>Manifesto Gelece\u011fi Sergileyin Manifestosu Hayal &hellip;<\/p>\n<p class=\"read-more\"> <a class=\"\" href=\"https:\/\/exhifuture.com\/en\/corporate\/manifest\/\"> <span class=\"screen-reader-text\">Manifest<\/span> Read More \u00bb<\/a><\/p>","protected":false},"author":3,"featured_media":0,"parent":633,"menu_order":0,"comment_status":"closed","ping_status":"closed","template":"","meta":{"_uag_custom_page_level_css":"","site-sidebar-layout":"no-sidebar","site-content-layout":"page-builder","ast-site-content-layout":"full-width-container","site-content-style":"unboxed","site-sidebar-style":"unboxed","ast-global-header-display":"","ast-banner-title-visibility":"","ast-main-header-display":"","ast-hfb-above-header-display":"","ast-hfb-below-header-display":"","ast-hfb-mobile-header-display":"","site-post-title":"disabled","ast-breadcrumbs-content":"","ast-featured-img":"disabled","footer-sml-layout":"","theme-transparent-header-meta":"disabled","adv-header-id-meta":"","stick-header-meta":"","header-above-stick-meta":"","header-main-stick-meta":"","header-below-stick-meta":"","astra-migrate-meta-layouts":"set","footnotes":""},"class_list":["post-3348","page","type-page","status-publish","hentry"],"uagb_featured_image_src":{"full":false,"thumbnail":false,"medium":false,"medium_large":false,"large":false,"1536x1536":false,"2048x2048":false,"trp-custom-language-flag":false},"uagb_author_info":{"display_name":"Ali BARDIZ","author_link":"https:\/\/exhifuture.com\/en\/author\/ali\/"},"uagb_comment_info":0,"uagb_excerpt":"Manifesto Gelece\u011fi Sergileyin Manifestosu Hayal &hellip; Manifesto Read More \u00bb","_links":{"self":[{"href":"https:\/\/exhifuture.com\/en\/wp-json\/wp\/v2\/pages\/3348","targetHints":{"allow":["GET"]}}],"collection":[{"href":"https:\/\/exhifuture.com\/en\/wp-json\/wp\/v2\/pages"}],"about":[{"href":"https:\/\/exhifuture.com\/en\/wp-json\/wp\/v2\/types\/page"}],"author":[{"embeddable":true,"href":"https:\/\/exhifuture.com\/en\/wp-json\/wp\/v2\/users\/3"}],"replies":[{"embeddable":true,"href":"https:\/\/exhifuture.com\/en\/wp-json\/wp\/v2\/comments?post=3348"}],"version-history":[{"count":2,"href":"https:\/\/exhifuture.com\/en\/wp-json\/wp\/v2\/pages\/3348\/revisions"}],"predecessor-version":[{"id":3450,"href":"https:\/\/exhifuture.com\/en\/wp-json\/wp\/v2\/pages\/3348\/revisions\/3450"}],"up":[{"embeddable":true,"href":"https:\/\/exhifuture.com\/en\/wp-json\/wp\/v2\/pages\/633"}],"wp:attachment":[{"href":"https:\/\/exhifuture.com\/en\/wp-json\/wp\/v2\/media?parent=3348"}],"curies":[{"name":"wp","href":"https:\/\/api.w.org\/{rel}","templated":true}]}}