{"id":3274,"date":"2024-01-15T14:14:33","date_gmt":"2024-01-15T14:14:33","guid":{"rendered":"https:\/\/exhifuture.com\/?page_id=3274"},"modified":"2024-08-07T18:05:49","modified_gmt":"2024-08-07T15:05:49","slug":"kvkk-metni","status":"publish","type":"page","link":"https:\/\/exhifuture.com\/en\/kvkk-metni\/","title":{"rendered":"GDPR Text"},"content":{"rendered":"<h1>\n\t\tGDPR Text\n\t<\/h1>\n\t<h2>EXHIFUTURE K\u0130\u015e\u0130SEL VER\u0130LER\u0130N \u0130\u015eLENMES\u0130 VE KORUNMASI POL\u0130T\u0130KASI<\/h2>\n<p>&nbsp;<\/p>\n<p><strong>1. Introduction<\/strong><\/p>\n<p>EXHIFUTURE (EXHIFUTURE yada \u015eirket yada Biz) 07.04.2016 tarihli Resmi Gazete&#8217;de yay\u0131mlanarak 07.10.2016 tarihi itibariyle t\u00fcm h\u00fck\u00fcmleriyle y\u00fcr\u00fcrl\u00fc\u011fe giren &#8220;Ki\u015fisel Verilerin Korunmas\u0131 Kanunu&#8221;na (KVKK ya da Kanun) tam uyumun sa\u011flanmas\u0131 i\u00e7in gerekli olan hassasiyeti en \u00fcst d\u00fczeyde g\u00f6stermektedir. Bu kapsamda ki\u015fisel verilerin de hukuka uygun olarak i\u015flenmesini ve korunmas\u0131n\u0131 \u00f6nemsemekte ve \u00f6ncelikleri aras\u0131na almaktad\u0131r. \u0130\u015fbu sebeple EXHIFUTURE, ki\u015fisel verilerin i\u015flenmesi ve korunmas\u0131 faaliyetlerine ili\u015fkin olarak sizleri \u015feffaf bir \u015fekilde bilgilendirmek ad\u0131na &#8220;Ki\u015fisel Verilerin \u0130\u015flenmesi Ve Korunmas\u0131 Politikas\u0131&#8221;n\u0131 (Politika) haz\u0131rlam\u0131\u015ft\u0131r.<\/p>\n<p>&nbsp;<\/p>\n<p><strong>2. Politika&#8217;n\u0131n Ama\u00e7 ve Kapsam\u0131<\/strong><\/p>\n<p>\u0130\u015fbu Politika, ki\u015fisel verilerin i\u015flenmesi ve korunmas\u0131na ili\u015fkin olarak EXHIFUTURE taraf\u0131ndan ki\u015fisel verisi i\u015flenen EK-1&#8217;de listesi yer alan ilgili ki\u015filere a\u00e7\u0131klamalarda bulunmak amac\u0131yla haz\u0131rlanm\u0131\u015f olup, bu kapsamda ki\u015fisel verileri EXHIFUTURE taraf\u0131ndan i\u015flenen i\u015fbu ilgili ki\u015filer, hangi ki\u015fisel verilerinin, hangi ama\u00e7la i\u015flendi\u011fi, bu verilerinin hangi ama\u00e7larla kimlere aktar\u0131labilece\u011fi, ki\u015fisel verilerinin korunmas\u0131na y\u00f6nelik hangi idari ve teknik tedbirlerin al\u0131nd\u0131\u011f\u0131, ki\u015fisel verileri \u00fczerinde sahip oldu\u011fu haklar\u0131n neler oldu\u011fu ve bu haklara y\u00f6nelik taleplerine ili\u015fkin ba\u015fvuru y\u00f6ntemleri ve di\u011fer hususlarda bilgilendirilmektir. Bu \u015fekilde \u015eirket taraf\u0131ndan ger\u00e7ekle\u015ftirilen ki\u015fisel verilerin i\u015flenmesi ve korunmas\u0131 faaliyetlerinde mevzuata tam uyumun sa\u011flanmas\u0131 ve i\u015fbu ilgili ki\u015filerin ki\u015fisel verilerine dair mevzuattan kaynaklanan t\u00fcm haklar\u0131n\u0131n korunmas\u0131 hedeflenmektedir. EXHIFUTURE \u00e7al\u0131\u015fanlar\u0131n\u0131n, stajyerlerinin ve hissedar\/ortaklar\u0131n\u0131n ki\u015fisel verilerinin i\u015flenmesi ve korunmas\u0131 faaliyetlerine ili\u015fkin bilgilendirme &#8220;\u00c7al\u0131\u015fan Ki\u015fisel Verilerinin \u0130\u015flenmesi Ve Korunmas\u0131 Politikas\u0131&#8221;nda yer almaktad\u0131r.<\/p>\n<p>&nbsp;<\/p>\n<p><strong>3. Definitions<\/strong><\/p>\n<p>\u0130\u015fbu Politika&#8217;da yer alan tan\u0131mlar a\u015fa\u011f\u0131daki gibidir:<\/p>\n<p class=\" translation-block\">- Explicit Consent: Consent based on information about a specific subject, expressed freely and with free will.<\/p>\n<p><strong>Al\u0131c\u0131 Grubu:<\/strong>\u00a0- Recipient Group: The category of real or legal persons to whom personal data is transferred by the data controller.<\/p>\n<p class=\" translation-block\">- Anonymization: Making personal data unidentifiable or non-associable with a specific individual in any way, even when matched with other data.<\/p>\n<p><strong>\u0130lgili Ki\u015fi:<\/strong> Ki\u015fisel verisi i\u015flenen ger\u00e7ek ki\u015fiyi, (i\u015fbu Politika kapsam\u0131nda \u00e7al\u0131\u015fanlar, stajyerler ve hissedar\/ortaklar haricinde EXHIFUTURE taraf\u0131ndan ki\u015fisel verisi i\u015flenen EK-1&#8217;de listesi yer alan ki\u015fileri)<\/p>\n<p class=\" translation-block\">- Personal Data: Any information about an identified or identifiable real person.<\/p>\n<p class=\" translation-block\">- Special Categories of Personal Data: Data related to individuals' race, ethnic origin, political opinions, philosophical beliefs, religion, sect, or other beliefs, clothing and attire, membership in associations, foundations or unions, health, sexual life, criminal convictions, and security measures, as well as biometric and genetic data.<\/p>\n<p class=\" translation-block\">- Processing of Personal Data: Any operation performed on personal data, whether fully or partially automatic or not, including obtaining, recording, storing, preserving, altering, rearranging, disclosing, transferring, taking over, making obtainable, classifying, or using the data.<\/p>\n<p class=\" translation-block\">- Board: Personal Data Protection Board.<\/p>\n<p class=\" translation-block\">- Institution: Personal Data Protection Authority.<\/p>\n<p class=\" translation-block\">- Data Recording System: The system in which personal data is processed according to specific criteria.<\/p>\n<p class=\" translation-block\">- Data Controller: Real or legal person determining the purposes and means of processing personal data.<\/p>\n<p>Bu Politika&#8217;da yer almayan tan\u0131mlar i\u00e7in Kanun&#8217;daki ve ikincil d\u00fczenlemelerdeki tan\u0131mlar ge\u00e7erlidir.<\/p>\n<p>&nbsp;<\/p>\n<p><strong>4. General Principles for Processing Personal Data<\/strong><\/p>\n<p>KVKK&#8217;nun 4. maddesinde ki\u015fisel verilerin i\u015flenmesi i\u00e7in uyulmas\u0131 gereken genel ilkeler d\u00fczenlenmektedir. EXHIFUTURE, ki\u015fisel veri i\u015fleme faaliyetleri kapsam\u0131nda \u00f6ncelikli olarak a\u015fa\u011f\u0131da a\u00e7\u0131klanan i\u015fbu genel ilkelere uygun \u015fekilde hareket etmektedir.<\/p>\n<p>Hukuka ve d\u00fcr\u00fcstl\u00fck kurallar\u0131na uygun olma: EXHIFUTURE, her t\u00fcrl\u00fc ki\u015fisel veri i\u015fleme s\u00fcrecinde y\u00fcr\u00fcrl\u00fckte bulunan mevzuata uygun \u015fekilde hareket etmekte ve d\u00fcr\u00fcstl\u00fck kurallar\u0131na uymaktad\u0131r.<\/p>\n<p>Do\u011fru ve gerekti\u011finde g\u00fcncel olma: EXHIFUTURE, sizlerin ki\u015fisel verilerinin do\u011fru ve g\u00fcncel duruma uygun olmas\u0131 i\u00e7in gerekli tedbirleri almakta, g\u00fcncellenmesi i\u00e7in olanak sa\u011flamakta ve verilerin veri tabanlar\u0131na do\u011fru \u015fekilde aktar\u0131m\u0131n\u0131 temin i\u00e7in gerekli \u00f6nlemleri almaktad\u0131r. Belirli, a\u00e7\u0131k ve me\u015fru ama\u00e7lar i\u00e7in i\u015flenme: EXHIFUTURE, ki\u015fisel veri i\u015fleme faaliyetlerini belirli ve me\u015fru ama\u00e7larla s\u0131n\u0131rl\u0131 tutmakta ve s\u00f6zkonusu ama\u00e7lara ili\u015fkin olarak sizleri ayd\u0131nlatma metinleri arac\u0131l\u0131\u011f\u0131yla a\u00e7\u0131k bir \u015fekilde bilgilendirmektedir.<\/p>\n<p>\u0130\u015flendikleri ama\u00e7la ba\u011flant\u0131l\u0131, s\u0131n\u0131rl\u0131 ve \u00f6l\u00e7\u00fcl\u00fc olma: EXHIFUTURE taraf\u0131ndan ki\u015fisel veriler, temin edildikleri s\u0131rada sizlere bildirilen ama\u00e7 i\u00e7in gerekti\u011fi \u00f6l\u00e7\u00fcde, bu ama\u00e7la ba\u011flant\u0131l\u0131 ve s\u0131n\u0131rl\u0131 olarak i\u015flenmektedir.<\/p>\n<p>\u0130lgili mevzuatta \u00f6ng\u00f6r\u00fclen veya i\u015flendikleri ama\u00e7 i\u00e7in gerekli olan s\u00fcre kadar muhafaza edilme: EXHIFUTURE ki\u015fisel verilerinizi y\u00fcr\u00fcrl\u00fckte bulunan mevzuat kapsam\u0131nda belli bir s\u00fcre belirlendi\u011fi takdirde bu s\u00fcre boyunca muhafaza etmektedir. Mevzuatta bu \u015fekilde bir s\u00fcre belirlenmedi\u011fi takdirde ise veri kullan\u0131m amac\u0131 ve \u015firket prosed\u00fcrleri g\u00f6z \u00f6n\u00fcnde tutularak makul saklama s\u00fcreleri belirlenmekte ve veriler bu s\u00fcre ile s\u0131n\u0131rl\u0131 \u015fekilde saklanmaktad\u0131r. Bahsi ge\u00e7en s\u00fcrelerin sona ermesini takiben ise veriler, &#8220;EXHIFUTURE Ki\u015fisel Veri Saklama Ve \u0130mha Politikas\u0131&#8221; (Politika) do\u011frultusunda silinmekte, yok edilmekte ve anonim hale getirilmektedir.<\/p>\n<p>&nbsp;<\/p>\n<p><strong>5. Conditions for Processing Personal Data<\/strong><\/p>\n<p>KVKK&#8217;n\u0131n 5. maddesinde ki\u015fisel verilerin i\u015flenme \u015fartlar\u0131, 6. maddesinde ise \u00f6zel nitelikli ki\u015fisel verilerin i\u015flenme \u015fartlar\u0131 d\u00fczenlenmektedir. KVKK i\u015fbu maddelerde yaz\u0131l\u0131 hallerde ilgili ki\u015finin a\u00e7\u0131k r\u0131zas\u0131 olmasa dahi ki\u015fisel verilerin i\u015flenebilmesini \u00f6ng\u00f6rm\u00fc\u015f ve bu i\u015flemenin de hukuka uygun olmas\u0131na imkan tan\u0131m\u0131\u015ft\u0131r. Bu i\u015flenme \u015fartlar\u0131 ki\u015fisel verinin \u00f6zel nitelikli ki\u015fisel veri olup olmamas\u0131na ya da \u00f6zel nitelikli ki\u015fisel veriler aras\u0131ndan sa\u011fl\u0131k ve cinsel hayata ili\u015fkin ki\u015fisel veri olup olmamas\u0131na g\u00f6re de\u011fi\u015fmektedir. \u00d6zel nitelikli ki\u015fisel veriler bireyler aras\u0131nda ayr\u0131mc\u0131l\u0131k potansiyelini bar\u0131nd\u0131ran, ba\u015fkalar\u0131 taraf\u0131ndan \u00f6\u011frenildi\u011fi takdirde ilgili ki\u015finin ma\u011fduriyetine sebebiyet verebilecek olan verilerdir ve KVKK bu verilerin i\u015flenmesinde Kurul taraf\u0131ndan belirlenecek yeterli \u00f6nlemlerin al\u0131nmas\u0131n\u0131 \u015fart ko\u015fmu\u015ftur.<\/p>\n<p>KVKK m.5\/2 ve KVKK m. 6\/3 h\u00fck\u00fcmlerinde d\u00fczenlenen a\u00e7\u0131k r\u0131za aranmaks\u0131z\u0131n ki\u015fisel verilerin i\u015flenebilece\u011fi haller a\u015fa\u011f\u0131da olup, EXHIFUTURE, \u00f6ng\u00f6r\u00fclen i\u015fbu durumlar\u0131n haricinde a\u00e7\u0131k r\u0131zan\u0131za istinaden ki\u015fisel verilerinizi i\u015fleyebilmektedir.<\/p>\n<p>KVKK m. 5\/2&#8217;ye g\u00f6re a\u015fa\u011f\u0131daki \u015fartlardan birinin varl\u0131\u011f\u0131 halinde a\u00e7\u0131k r\u0131za aranmaks\u0131z\u0131n ki\u015fisel verilerin i\u015flenmesi m\u00fcmk\u00fcnd\u00fcr:<\/p>\n- a) It is clearly stipulated in the law.<br \/>\n\u2022 b) Fiili imk\u00e2ns\u0131zl\u0131k nedeniyle r\u0131zas\u0131n\u0131 a\u00e7\u0131klayamayacak durumda bulunan veya r\u0131zas\u0131na hukuki ge\u00e7erlilik tan\u0131nmayan ki\u015finin kendisinin ya da bir ba\u015fkas\u0131n\u0131n hayat\u0131 veya beden b\u00fct\u00fcnl\u00fc\u011f\u00fcn\u00fcn korunmas\u0131 i\u00e7in zorunlu olmas\u0131.<br \/>\n\u2022 c) Bir s\u00f6zle\u015fmenin kurulmas\u0131 veya ifas\u0131yla do\u011frudan do\u011fruya ilgili olmas\u0131 kayd\u0131yla, s\u00f6zle\u015fmenin taraflar\u0131na ait ki\u015fisel verilerin i\u015flenmesinin gerekli olmas\u0131.<br \/>\n\u2022 \u00e7) Veri sorumlusunun hukuki y\u00fck\u00fcml\u00fcl\u00fc\u011f\u00fcn\u00fc yerine getirebilmesi i\u00e7in zorunlu olmas\u0131.<br \/>\n\u2022 d) \u0130lgili ki\u015finin kendisi taraf\u0131ndan alenile\u015ftirilmi\u015f olmas\u0131.<br \/>\n\u2022 e) Bir hakk\u0131n tesisi, kullan\u0131lmas\u0131 veya korunmas\u0131 i\u00e7in veri i\u015flemenin zorunlu olmas\u0131.<br \/>\n\u2022 f) \u0130lgili ki\u015finin temel hak ve \u00f6zg\u00fcrl\u00fcklerine zarar vermemek kayd\u0131yla, veri sorumlusunun me\u015fru menfaatleri i\u00e7in veri i\u015flenmesinin zorunlu olmas\u0131.\n<p>KVKK 6\/3&#8217;e g\u00f6re a\u015fa\u011f\u0131daki durumlarda Kurul taraf\u0131ndan belirlenen yeterli \u00f6nlemlerin al\u0131nmas\u0131 \u015fart\u0131yla a\u00e7\u0131k r\u0131za aranmaks\u0131z\u0131n \u00f6zel nitelikli ki\u015fisel verilerin i\u015flenmesi m\u00fcmk\u00fcnd\u00fcr:<\/p>\n<p>Personal data other than health and sexual life can only be collected in cases stipulated by law, and personal data related to health and sexual life can only be collected under the obligation of confidentiality for the purposes of protecting public health, preventive medicine, medical diagnosis, execution of treatment and care services, planning and management of health services and their financing. It may be processed by persons or authorized institutions and organizations without the express consent of the person concerned.<\/p>\n<p>&nbsp;<\/p>\n<p><strong>6. Conditions for Transferring Personal Data to Domestic and Foreign Countries<\/strong><\/p>\n<p>KVKK&#8217;n\u0131n 8. maddesi ki\u015fisel verilerin yurt i\u00e7indeki 3. ki\u015filere, 9. maddesi ise yurt d\u0131\u015f\u0131ndaki 3. ki\u015filere aktar\u0131lmas\u0131 hususlar\u0131n\u0131 d\u00fczenlemektedir.<\/p>\n<p>KVKK&#8217;n\u0131n 8. maddesine g\u00f6re ki\u015fisel verilerin aktar\u0131lmas\u0131na ili\u015fkin di\u011fer kanunlarda yer alan h\u00fck\u00fcmler sakl\u0131 kalmak kayd\u0131yla, ki\u015fisel veriler ilgili ki\u015finin r\u0131zas\u0131 olmaks\u0131z\u0131n ancak a) KVKK m.5\/2, b) yeterli \u00f6nlemler al\u0131nmak kayd\u0131yla KVKK m. 6\/3 h\u00fck\u00fcmlerinde yer alan \u015fartlardan birinin varl\u0131\u011f\u0131 halinde yurt i\u00e7indeki 3. ki\u015filere aktar\u0131labilecektir.<\/p>\n<p>KVKK&#8217;n\u0131n 9. maddesine g\u00f6re ise ki\u015fisel veriler a\u00e7\u0131k r\u0131za aranmaks\u0131z\u0131n ancak KVKK m.5\/2 ile KVKK m. 6\/3 h\u00fck\u00fcmlerinde yer alan \u015fartlardan birinin varl\u0131\u011f\u0131 ve ki\u015fisel verilerin aktar\u0131laca\u011f\u0131 \u00fclkede; a) Yeterli koruman\u0131n bulunmas\u0131, b) Yeterli koruman\u0131n bulunmamas\u0131 durumunda T\u00fcrkiye&#8217;deki ve ilgili yabanc\u0131 \u00fclkedeki veri sorumlular\u0131n\u0131n yeterli bir korumay\u0131 yaz\u0131l\u0131 olarak taahh\u00fct etmeleri ve Kurulun izninin bulunmas\u0131, kayd\u0131yla yurt d\u0131\u015f\u0131na aktar\u0131labilir.<\/p>\n<p>&nbsp;<\/p>\n<p><strong>7. Methods of Collection and Your Collected Personal Data<\/strong><\/p>\n<p>Ki\u015fisel verileriniz EXHIFUTURE taraf\u0131ndan, say\u0131lanlar ile s\u0131n\u0131rl\u0131 olmamak \u00fczere; g\u00f6r\u00fc\u015fmeler s\u0131ras\u0131nda s\u00f6zl\u00fc olarak yada elden yada elektronik posta yoluyla yada sosyal medya \u00fczerinden iletti\u011finiz\/payla\u015ft\u0131\u011f\u0131n\u0131z bilgiler\/belgeler \u00fczerinden bizzat taraf\u0131n\u0131zdan ve\/veya i\u015fvereniniz olan tedarik\u00e7ilerimizden ve\/veya i\u015fvereniniz olan m\u00fc\u015fterilerimizden, ve\/veya kamuya a\u00e7\u0131k alanlardan ve\/veya i\u015fvereniniz olan bas\u0131n yay\u0131n kurulu\u015flar\u0131ndan ve\/veya network sa\u011flay\u0131c\u0131 tedarik\u00e7imizden ve\/veya aile \u00fcyeniz\/yak\u0131n\u0131n\u0131z \u00e7al\u0131\u015fan\u0131m\u0131zdan, yine tedarik\u00e7imiz seyahat acentelerinden ve\/veya internet eri\u015fimine kay\u0131t i\u00e7in elektronik ortamda sunulan kay\u0131t ekran\u0131, kablosuz internet ba\u011flant\u0131s\u0131 kanallar\u0131yla ve\/veya g\u00f6r\u00fcnt\u00fc kaydedici cihazlar vas\u0131tas\u0131yla fiziki ve elektronik ortamlar arac\u0131l\u0131\u011f\u0131yla ve di\u011fer fiziki ve elektronik ortamlar arac\u0131l\u0131\u011f\u0131yla otomatik ve otomatik olmayan yollarla toplanmakta ve toplanan ki\u015fisel verileriniz EXHIFUTURE&#8217;dan talep etti\u011finiz \u00fcr\u00fcn hizmete, EXHIFUTURE taraf\u0131ndan y\u00fcr\u00fct\u00fclecek faaliyetler ve kanuni y\u00fck\u00fcml\u00fcl\u00fcklere g\u00f6re de\u011fi\u015fmektedir. Toplanan ki\u015fisel veri kategorileri ve ilgili veri kategorilerinin a\u00e7\u0131l\u0131mlar\u0131 i\u015fbu Politika&#8217;n\u0131n ekinde (EK-2) yer almaktad\u0131r. Ki\u015fisel verisi i\u015flenen ilgili ki\u015fiye g\u00f6re i\u015fbu ki\u015fisel veri kategorileri i\u00e7erisinde yer alan bilgiler de\u011fi\u015fiklik g\u00f6sterebilmektedir.<\/p>\n<p>&nbsp;<\/p>\n<p><strong>8. Purposes of Processing Your Personal Data<\/strong><\/p>\n<p>Elde edilen ki\u015fisel verileriniz EXHIFUTURE taraf\u0131ndan KVKK&#8217;da \u00f6ng\u00f6r\u00fclen genel ilkelere uygun olarak; KVKK&#8217;n\u0131n 5 ve 6. maddelerinde belirtilen i\u015fleme \u015fartlar\u0131 dahilinde EK-3&#8217;de say\u0131lan ama\u00e7lar ile i\u015flenmektedir.<\/p>\n<p>&nbsp;<\/p>\n<p><strong>9. Transfer of Your Personal Data<\/strong><\/p>\n<p>EXHIFUTURE ki\u015fisel verilerinizin 3. ki\u015filerle payla\u015f\u0131lmas\u0131 hususunda, di\u011fer kanunlarda yer alan h\u00fck\u00fcmler sakl\u0131 kalmak kayd\u0131yla KVKK&#8217;da d\u00fczenlenen \u015fartlara uymakta, ki\u015fisel verilerinizi KVKK&#8217;da \u00f6ng\u00f6r\u00fclen \u015fartlar haricinde a\u00e7\u0131k r\u0131zan\u0131z temin edilmeksizin 3. ki\u015filerle payla\u015fmamaktad\u0131r.<\/p>\n<p>Bu \u00e7er\u00e7evede EXHIFUTURE taraf\u0131ndan hukuka uygun olarak i\u015flenen ki\u015fisel verileriniz; a\u015fa\u011f\u0131da EK-4&#8217;de belirtilen al\u0131c\u0131 gruplar\u0131na KVKK&#8217;n\u0131n 8 ve 9. maddelerinde belirtilen i\u015fleme \u015fartlar\u0131 \u00e7er\u00e7evesinde aktar\u0131labilmektedir.<\/p>\n<p>Ki\u015fisel verilerinizin payla\u015f\u0131ld\u0131\u011f\u0131 bu durumlarda EXHIFUTURE verilerin payla\u015f\u0131ld\u0131\u011f\u0131 taraf\u0131n bu Politika&#8217;da yer alan kurallara ve mevzuatta yer alan h\u00fck\u00fcmlere uygun \u015fekilde i\u015fleme ve aktar\u0131m faaliyetinde bulunmas\u0131 i\u00e7in gerekli \u00f6nlemleri al\u0131r.<\/p>\n<p><strong>10. Storage of Your Personal Data<\/strong><\/p>\n<p>\u015eirketimiz taraf\u0131ndan Kanun ve di\u011fer mevzuat h\u00fck\u00fcmlerine uygun olarak i\u015flenmi\u015f olmas\u0131na ra\u011fmen i\u015flenmesini gerektiren sebeplerin ortadan kalkmas\u0131 halinde ki\u015fisel veriler \u015eirketimizin resen vermi\u015f oldu\u011fu karar veya talebinize istinaden silinir, yok edilir veya anonim hale getirilir. \u015eirketimiz, ki\u015fisel verilerinizin saklama s\u00fcrelerini belirlerken y\u00fcr\u00fcrl\u00fckte bulunan mevzuat\u0131 ve i\u015fleme faaliyetine konu olan ki\u015fisel verilerinizin i\u015fleme ama\u00e7lar\u0131n\u0131 g\u00f6z\u00f6n\u00fcndetutarak tespit yapmaktad\u0131r. Bu kapsamda ki\u015fisel verilerinizin i\u015fleme faaliyetine ili\u015fkin yasal y\u00fck\u00fcml\u00fcl\u00fckler ile ilgili zamana\u015f\u0131m\u0131 s\u00fcreleri s\u00f6zkonusuysa mutlaka dikkate al\u0131nmaktad\u0131r. Ki\u015fisel veri i\u015fleme amac\u0131n\u0131n ortadan kalkmas\u0131 halinde ise, ki\u015fisel verilerin tutulmas\u0131na olanak sa\u011flayan ba\u015fka bir hukuki sebep veya dayanak bulunmad\u0131\u011f\u0131 s\u00fcrece veriler silinmekte, yok edilmekte ve anonim hale getirilmektedir. Detayl\u0131 bilgi EXHIFUTURE&#8217;\u0131n, ki\u015fisel verilerin i\u015flendikleri ama\u00e7 i\u00e7in gerekli olan azami s\u00fcreyi belirleme i\u015flemi ile silme, yok etme ve anonim hale getirme i\u015flemi i\u00e7in dayanak yapt\u0131\u011f\u0131 &#8220;EXHIFUTURE\u00a0Ki\u015fisel Veri Saklama Ve \u0130mha Politikas\u0131&#8221;nda mevcuttur.<\/p>\n<p>&nbsp;<\/p>\n<p><strong>11. Measures Taken for the Protection of Your Personal Data<\/strong><\/p>\n<p>KVKK&#8217;nun 11. maddesine g\u00f6re ilgili ki\u015fi olarak;<\/p>\n\u2022 a)\u00a0Ki\u015fisel verinizin \u015firketimiz taraf\u0131ndan i\u015flenip i\u015flenmedi\u011fini \u00f6\u011frenme,<br \/>\n\u2022 b)\u00a0Ki\u015fisel verileriniz i\u015flenmi\u015fse buna ili\u015fkin bilgi talep etme,<br \/>\n\u2022 c)\u00a0Ki\u015fisel verilerinizin i\u015flenme amac\u0131n\u0131 ve amac\u0131na uygun kullan\u0131l\u0131p kullan\u0131lmad\u0131\u011f\u0131n\u0131 \u00f6\u011frenme,<br \/>\n\u2022 \u00e7)\u00a0Yurt i\u00e7inde veya yurt d\u0131\u015f\u0131nda ki\u015fisel verilerin aktar\u0131ld\u0131\u011f\u0131 \u00fc\u00e7\u00fcnc\u00fc ki\u015fileri bilme,<br \/>\n\u2022 d)\u00a0Ki\u015fisel verilerin eksik veya yanl\u0131\u015f i\u015flenmi\u015f olmas\u0131 h\u00e2linde bunlar\u0131n d\u00fczeltilmesini isteme,<br \/>\n\u2022 e)\u00a0KVKK ve ilgili di\u011fer kanun h\u00fck\u00fcmlerine uygun olarak i\u015flenmi\u015f olmas\u0131na ra\u011fmen, i\u015flenmesini gerektiren sebeplerin ortadan kalkmas\u0131 halinde ki\u015fisel verilerinizin silinmesini veya yok edilmesini isteme,<br \/>\n\u2022 f)\u00a0d) ve e) bentlerinde yap\u0131lan i\u015flemlerin, ki\u015fisel verilerin aktar\u0131ld\u0131\u011f\u0131 3.ki\u015filere bildirilmesini isteme,<br \/>\n\u2022 g)\u00a0Ki\u015fisel verilerinizin m\u00fcnhas\u0131ran otomatik sistemler vas\u0131tas\u0131yla analiz edilmesi suretiyle aleyhinize bir sonu\u00e7 ortaya \u00e7\u0131kmas\u0131 durumunda itiraz etme,<br \/>\n\u2022 \u011f)\u00a0Ki\u015fisel verilerin kanuna ayk\u0131r\u0131 olarak i\u015flenmesi sebebiyle herhangi bir zarara u\u011framan\u0131z h\u00e2linde zarar\u0131n giderilmesini talep etme haklar\u0131na sahipsiniz.\n<p>Bahsi ge\u00e7en bu haklar\u0131n\u0131za ili\u015fkin taleplerinizi iletmek i\u00e7in &#8220;EXHIFUTURE K\u0131\u0307\u015fiselVer\u0131\u0307lere \u0130li\u015fkin \u0130lgili Ki\u015fi Ba\u015fvuru Formu&#8221;nu doldurarak, ba\u015fvuru formunda belirtilen usullerden biriyle iletmeniz durumunda talebiniz m\u00fcmk\u00fcn olan en k\u0131sa s\u00fcrede ve her hal\u00fckarda Kanun&#8217;da \u00f6ng\u00f6r\u00fclen s\u00fcre i\u00e7erisinde de\u011ferlendirilerek sonu\u00e7land\u0131r\u0131lacakt\u0131r. Ba\u015fvurunuzun incelenmesi ve sonu\u00e7land\u0131r\u0131lmas\u0131na ili\u015fkin i\u015flemin bir maliyeti gerektirmesi halinde EXHIFUTURE Kurul taraf\u0131ndan belirlenen \u00fccreti alabilecektir.<\/p>\n<p>In order for third parties to request an application on your behalf, you must have a special power of attorney issued through a notary on behalf of the person who will apply.<\/p>\n<p>Our company may request information from you in order to determine whether you are the applicant or not, and may ask you questions regarding your application in order to clarify the issues stated in the application.<\/p>\n<p>&nbsp;<\/p>\n<p><strong>12. Your Rights as a Data Subject<\/strong><\/p>\n<p>EXHIFUTURE, ki\u015fisel verilerinizin hukuka ayk\u0131r\u0131 olarak i\u015flenmesini \u00f6nlemek, verilerinize hukuka ayk\u0131r\u0131 olarak eri\u015filmesini \u00f6nlemek ve muhafazas\u0131n\u0131 sa\u011flamak amac\u0131yla uygun g\u00fcvenlik d\u00fczeyini temin etmeye y\u00f6nelik makul teknik ve idari \u00f6nlemleri almakta, bu kapsamda Kurum&#8217;un internet sitesinde yay\u0131mlanan &#8220;Ki\u015fisel Veri G\u00fcvenli\u011fi Rehberi&#8221;nde belirtilen ve ayr\u0131ca Kurul&#8217;un 31\/01\/2018 tarih 2018\/10 say\u0131l\u0131 &#8220;\u00d6zel Nitelikli Ki\u015fisel Verilerin \u0130\u015flenmesinde Veri Sorumlular\u0131nca Al\u0131nmas\u0131 Gereken Yeterli \u00d6nlemler \u0130le \u0130lgili Karar\u0131&#8221;n\u0131 (Karar) dikkate almaktad\u0131r. EXHIFUTURE taraf\u0131ndan al\u0131nan teknik ve idari tedbirler EK-5&#8217;te yer almaktad\u0131r.<\/p>\n<p>&nbsp;<\/p>\n<p><strong>13. Application Methods for Your Rights<\/strong><\/p>\n<p>EXHIFUTURE ki\u015fisel verilerin korunmas\u0131 hakk\u0131ndaki uygulamalar ve yasal d\u00fczenlemeler hakk\u0131nda g\u00fcncel bilgiler sunmak amac\u0131yla i\u015fbu Politikada de\u011fi\u015fiklik yapma hakk\u0131n\u0131 sakl\u0131 tutmaktad\u0131r. Yap\u0131lan de\u011fi\u015fiklikler i\u015fbu Politika&#8217;n\u0131n ekinde (EK-6) yer almaktad\u0131r.<\/p>\n\t\t\t\t<img decoding=\"async\" src=\"https:\/\/exhifuture.com\/wp-content\/uploads\/2024\/01\/Kurumsal_Logo_beyaz.png\" alt=\"Kurumsal_Logo_beyaz\" title=\"Kurumsal_Logo_beyaz\" itemprop=\"image\"  \/>\n<h2>\n\t\tCorporate\n\t<\/h2>\n\t\t\t\t\t<ul id=\"menu-sol-menu\"><li id=\"menu-item-2970\"><a href=\"https:\/\/exhifuture.com\/en\/corporate\/\">About Us<\/a><\/li>\n<li id=\"menu-item-2973\"><a href=\"https:\/\/exhifuture.com\/en\/corporate\/mission-vision\/\">Mission &amp; Vision<\/a><\/li>\n<li id=\"menu-item-2971\"><a href=\"https:\/\/exhifuture.com\/en\/corporate\/our-team\/\">Our Team<\/a><\/li>\n<li id=\"menu-item-2972\"><a href=\"https:\/\/exhifuture.com\/en\/corporate\/human-resources\/\">Human Resources<\/a><\/li>\n<li id=\"menu-item-3022\"><a href=\"https:\/\/exhifuture.com\/en\/corporate\/press\/\">Press<\/a><\/li>\n<\/ul>\t\n\t<h2>\n\t\tServices\n\t<\/h2>\n\t\t\t\t\t<ul id=\"menu-sag-menu\"><li id=\"menu-item-2976\"><a href=\"https:\/\/exhifuture.com\/en\/activity-areas\/fairs\/\">Fairs<\/a><\/li>\n<li id=\"menu-item-2974\"><a href=\"https:\/\/exhifuture.com\/en\/activity-areas\/b2b-meetings\/\">B2B Meetings<\/a><\/li>\n<li id=\"menu-item-2975\"><a href=\"https:\/\/exhifuture.com\/en\/activity-areas\/event-calendar\/\">Event Calendar<\/a><\/li>\n<\/ul>\t\n\t<h2>\n\t\tContact\n\t<\/h2>\n<p>\u0130stanbul Du\u0308nya Ticaret Merkezi, Atatu\u0308rk Cad. A1 Blok Kat:5 No:226 Yes\u0327ilko\u0308y Bak\u0131rko\u0308y <strong>I\u0307stanbul \/ TU\u0308RKI\u0307YE<\/strong><\/p>\n<p><a href=\"mailto:info@exhifuture.com\">info@exhifuture.com <\/a><\/p>\n<p><a href=\"tel: 902124666261\">+90 212 466 62 61<\/a><\/p>\n\t<p>Copyright \u00a9 2024 EXHIFUTURE \u0130stanbul &#8211; <a href=\"https:\/\/exhifuture.com\/en\/kvkk-metni\/\">GDPR Text<\/a><\/p>\n\t<p>Web Design<a href=\"https:\/\/www.digitalkure.com\/\"> Digital K\u00fcre<\/a> \u00ae<\/p>","protected":false},"excerpt":{"rendered":"<p>EXHIFUTURE K\u0130\u015e\u0130SEL VER\u0130LER\u0130N \u0130\u015eLENMES\u0130 VE &hellip;<\/p>\n<p class=\"read-more\"> <a class=\"\" href=\"https:\/\/exhifuture.com\/en\/kvkk-metni\/\"> <span class=\"screen-reader-text\">GDPR Text<\/span> Read More \u00bb<\/a><\/p>","protected":false},"author":3,"featured_media":0,"parent":0,"menu_order":0,"comment_status":"closed","ping_status":"closed","template":"","meta":{"_uag_custom_page_level_css":"","site-sidebar-layout":"no-sidebar","site-content-layout":"page-builder","ast-site-content-layout":"full-width-container","site-content-style":"unboxed","site-sidebar-style":"unboxed","ast-global-header-display":"","ast-banner-title-visibility":"","ast-main-header-display":"","ast-hfb-above-header-display":"","ast-hfb-below-header-display":"","ast-hfb-mobile-header-display":"","site-post-title":"disabled","ast-breadcrumbs-content":"","ast-featured-img":"disabled","footer-sml-layout":"","theme-transparent-header-meta":"disabled","adv-header-id-meta":"","stick-header-meta":"","header-above-stick-meta":"","header-main-stick-meta":"","header-below-stick-meta":"","astra-migrate-meta-layouts":"set","footnotes":""},"class_list":["post-3274","page","type-page","status-publish","hentry"],"uagb_featured_image_src":{"full":false,"thumbnail":false,"medium":false,"medium_large":false,"large":false,"1536x1536":false,"2048x2048":false,"trp-custom-language-flag":false},"uagb_author_info":{"display_name":"Ali BARDIZ","author_link":"https:\/\/exhifuture.com\/en\/author\/ali\/"},"uagb_comment_info":0,"uagb_excerpt":"EXHIFUTURE K\u0130\u015e\u0130SEL VER\u0130LER\u0130N \u0130\u015eLENMES\u0130 VE &hellip; KVKK Metni Read More \u00bb","_links":{"self":[{"href":"https:\/\/exhifuture.com\/en\/wp-json\/wp\/v2\/pages\/3274","targetHints":{"allow":["GET"]}}],"collection":[{"href":"https:\/\/exhifuture.com\/en\/wp-json\/wp\/v2\/pages"}],"about":[{"href":"https:\/\/exhifuture.com\/en\/wp-json\/wp\/v2\/types\/page"}],"author":[{"embeddable":true,"href":"https:\/\/exhifuture.com\/en\/wp-json\/wp\/v2\/users\/3"}],"replies":[{"embeddable":true,"href":"https:\/\/exhifuture.com\/en\/wp-json\/wp\/v2\/comments?post=3274"}],"version-history":[{"count":1,"href":"https:\/\/exhifuture.com\/en\/wp-json\/wp\/v2\/pages\/3274\/revisions"}],"predecessor-version":[{"id":3488,"href":"https:\/\/exhifuture.com\/en\/wp-json\/wp\/v2\/pages\/3274\/revisions\/3488"}],"wp:attachment":[{"href":"https:\/\/exhifuture.com\/en\/wp-json\/wp\/v2\/media?parent=3274"}],"curies":[{"name":"wp","href":"https:\/\/api.w.org\/{rel}","templated":true}]}}