{"id":3017,"date":"2024-01-08T12:29:10","date_gmt":"2024-01-08T12:29:10","guid":{"rendered":"https:\/\/exhifuture.com\/?page_id=3017"},"modified":"2024-08-08T10:39:07","modified_gmt":"2024-08-08T07:39:07","slug":"exhifuture-kurumsal-logo","status":"publish","type":"page","link":"https:\/\/exhifuture.com\/en\/corporate\/press\/ifas-corporate-logo\/","title":{"rendered":"EXHIFUTURE Kurumsal Logo"},"content":{"rendered":"<h1>\n\t\tEXHIFUTURE Kurumsal Logo\n\t<\/h1>\n\t\t\t\t<img decoding=\"async\" src=\"https:\/\/exhifuture.com\/wp-content\/uploads\/2024\/08\/Kurumsal_Logo-01.png\" alt=\"Kurumsal_Logo-01\" title=\"Kurumsal_Logo-01\" itemprop=\"image\"\/>\n\t\t<h3>Corporate Logo Png<\/h3>\t\t\t\n\t\t\t\t<p><a href=\"https:\/\/exhifuture.com\/wp-content\/uploads\/2024\/08\/Kurumsal_Logo-01.png\">Click to Download<\/a><\/p>\n\t\t\t\t<img decoding=\"async\" src=\"https:\/\/exhifuture.com\/wp-content\/uploads\/2024\/08\/Kurumsal_Logo_eps-01.jpg\" alt=\"Kurumsal_Logo_eps-01\" title=\"Kurumsal_Logo_eps-01\" itemprop=\"image\"\/>\n\t\t<h3>Corporate Logo Jpeg<\/h3>\t\t\t\n\t\t\t\t<p><a href=\"https:\/\/exhifuture.com\/wp-content\/uploads\/2024\/08\/Kurumsal_Logo_eps-01.jpg\">Click to Download<\/a><\/p>\n\t\t\t\t<img decoding=\"async\" src=\"https:\/\/exhifuture.com\/wp-content\/uploads\/2024\/08\/Kurumsal_Logo_B-01.png\" alt=\"Kurumsal_Logo_B-01\" title=\"Kurumsal_Logo_B-01\" itemprop=\"image\"\/>\n\t\t<h3>Corporate Logo White Png<\/h3>\t\t\t\n\t\t\t\t<p><a href=\"https:\/\/exhifuture.com\/wp-content\/uploads\/2024\/08\/Kurumsal_Logo_B-01.png\">Click to Download<\/a><\/p>\n\t\t\t\t<img decoding=\"async\" src=\"https:\/\/exhifuture.com\/wp-content\/uploads\/2024\/08\/Kurumsal_Logo_B-01.png\" alt=\"Kurumsal_Logo_B-01\" title=\"Kurumsal_Logo_B-01\" itemprop=\"image\"\/>\n\t\t<h3>Corporate Logo White Pdf<\/h3>\t\t\t\n\t\t\t\t<p><a href=\"https:\/\/exhifuture.com\/wp-content\/uploads\/2024\/08\/Kurumsal_Logo_B.pdf\">Click to Download<\/a><\/p>\n\t\t\t\t<img decoding=\"async\" src=\"https:\/\/exhifuture.com\/wp-content\/uploads\/2024\/08\/Kurumsal_Logo_SB-01.png\" alt=\"Kurumsal_Logo_SB-01\" title=\"Kurumsal_Logo_SB-01\" itemprop=\"image\"\/>\n\t\t<h3>Kurumsal Logo Siyah Png<\/h3>\t\t\t\n\t\t\t\t<p><a href=\"https:\/\/exhifuture.com\/wp-content\/uploads\/2024\/08\/Kurumsal_Logo_SB-01.png\">Click to Download<\/a><\/p>\n\t\t\t\t<img decoding=\"async\" src=\"https:\/\/exhifuture.com\/wp-content\/uploads\/2024\/08\/Kurumsal_Logo-01.png\" alt=\"Kurumsal_Logo-01\" title=\"Kurumsal_Logo-01\" itemprop=\"image\"\/>\n\t\t<h3>Corporate Logo Pdf<\/h3>\t\t\t\n\t\t\t\t<p><a href=\"https:\/\/exhifuture.com\/wp-content\/uploads\/2024\/08\/Kurumsal_Logo.pdf\">Click to Download<\/a><\/p>\n\t\t\t\t<img decoding=\"async\" src=\"https:\/\/exhifuture.com\/wp-content\/uploads\/2024\/01\/Kurumsal_Logo_beyaz.png\" alt=\"Kurumsal_Logo_beyaz\" title=\"Kurumsal_Logo_beyaz\" itemprop=\"image\"  \/>\n<h2>\n\t\tCorporate\n\t<\/h2>\n\t\t\t\t\t<ul id=\"menu-sol-menu\"><li id=\"menu-item-2970\"><a href=\"https:\/\/exhifuture.com\/en\/corporate\/\">About Us<\/a><\/li>\n<li id=\"menu-item-2973\"><a href=\"https:\/\/exhifuture.com\/en\/corporate\/mission-vision\/\">Mission &amp; Vision<\/a><\/li>\n<li id=\"menu-item-2971\"><a href=\"https:\/\/exhifuture.com\/en\/corporate\/our-team\/\">Our Team<\/a><\/li>\n<li id=\"menu-item-2972\"><a href=\"https:\/\/exhifuture.com\/en\/corporate\/human-resources\/\">Human Resources<\/a><\/li>\n<li id=\"menu-item-3022\"><a href=\"https:\/\/exhifuture.com\/en\/corporate\/press\/\">Press<\/a><\/li>\n<\/ul>\t\n\t<h2>\n\t\tServices\n\t<\/h2>\n\t\t\t\t\t<ul id=\"menu-sag-menu\"><li id=\"menu-item-2976\"><a href=\"https:\/\/exhifuture.com\/en\/activity-areas\/fairs\/\">Fairs<\/a><\/li>\n<li id=\"menu-item-2974\"><a href=\"https:\/\/exhifuture.com\/en\/activity-areas\/b2b-meetings\/\">B2B Meetings<\/a><\/li>\n<li id=\"menu-item-2975\"><a href=\"https:\/\/exhifuture.com\/en\/activity-areas\/event-calendar\/\">Event Calendar<\/a><\/li>\n<\/ul>\t\n\t<h2>\n\t\tContact\n\t<\/h2>\n<p>\u0130stanbul Du\u0308nya Ticaret Merkezi, Atatu\u0308rk Cad. A1 Blok Kat:5 No:226 Yes\u0327ilko\u0308y Bak\u0131rko\u0308y <strong>I\u0307stanbul \/ TU\u0308RKI\u0307YE<\/strong><\/p>\n<p><a href=\"mailto:info@exhifuture.com\">info@exhifuture.com <\/a><\/p>\n<p><a href=\"tel: 902124666261\">+90 212 466 62 61<\/a><\/p>\n\t<p>Copyright \u00a9 2024 EXHIFUTURE \u0130stanbul &#8211; <a href=\"https:\/\/exhifuture.com\/en\/kvkk-metni\/\">GDPR Text<\/a><\/p>\n\t<p>Web Design<a href=\"https:\/\/www.digitalkure.com\/\"> Digital K\u00fcre<\/a> \u00ae<\/p>","protected":false},"excerpt":{"rendered":"<p>Kurumsal Logo Png \u0130ndirmek \u0130\u00e7in &hellip;<\/p>\n<p class=\"read-more\"> <a class=\"\" href=\"https:\/\/exhifuture.com\/en\/corporate\/press\/ifas-corporate-logo\/\"> <span class=\"screen-reader-text\">EXHIFUTURE Kurumsal Logo<\/span> Read More \u00bb<\/a><\/p>","protected":false},"author":2,"featured_media":0,"parent":2741,"menu_order":0,"comment_status":"closed","ping_status":"closed","template":"","meta":{"_uag_custom_page_level_css":"","site-sidebar-layout":"no-sidebar","site-content-layout":"page-builder","ast-site-content-layout":"full-width-container","site-content-style":"unboxed","site-sidebar-style":"unboxed","ast-global-header-display":"","ast-banner-title-visibility":"","ast-main-header-display":"","ast-hfb-above-header-display":"","ast-hfb-below-header-display":"","ast-hfb-mobile-header-display":"","site-post-title":"disabled","ast-breadcrumbs-content":"","ast-featured-img":"disabled","footer-sml-layout":"","theme-transparent-header-meta":"disabled","adv-header-id-meta":"","stick-header-meta":"","header-above-stick-meta":"","header-main-stick-meta":"","header-below-stick-meta":"","astra-migrate-meta-layouts":"set","footnotes":""},"class_list":["post-3017","page","type-page","status-publish","hentry"],"uagb_featured_image_src":{"full":false,"thumbnail":false,"medium":false,"medium_large":false,"large":false,"1536x1536":false,"2048x2048":false,"trp-custom-language-flag":false},"uagb_author_info":{"display_name":"Bora Y\u0131ld\u0131r\u0131m","author_link":"https:\/\/exhifuture.com\/en\/author\/bora\/"},"uagb_comment_info":0,"uagb_excerpt":"Kurumsal Logo Png \u0130ndirmek \u0130\u00e7in &hellip; EXHIFUTURE Kurumsal Logo Read More \u00bb","_links":{"self":[{"href":"https:\/\/exhifuture.com\/en\/wp-json\/wp\/v2\/pages\/3017","targetHints":{"allow":["GET"]}}],"collection":[{"href":"https:\/\/exhifuture.com\/en\/wp-json\/wp\/v2\/pages"}],"about":[{"href":"https:\/\/exhifuture.com\/en\/wp-json\/wp\/v2\/types\/page"}],"author":[{"embeddable":true,"href":"https:\/\/exhifuture.com\/en\/wp-json\/wp\/v2\/users\/2"}],"replies":[{"embeddable":true,"href":"https:\/\/exhifuture.com\/en\/wp-json\/wp\/v2\/comments?post=3017"}],"version-history":[{"count":4,"href":"https:\/\/exhifuture.com\/en\/wp-json\/wp\/v2\/pages\/3017\/revisions"}],"predecessor-version":[{"id":3504,"href":"https:\/\/exhifuture.com\/en\/wp-json\/wp\/v2\/pages\/3017\/revisions\/3504"}],"up":[{"embeddable":true,"href":"https:\/\/exhifuture.com\/en\/wp-json\/wp\/v2\/pages\/2741"}],"wp:attachment":[{"href":"https:\/\/exhifuture.com\/en\/wp-json\/wp\/v2\/media?parent=3017"}],"curies":[{"name":"wp","href":"https:\/\/api.w.org\/{rel}","templated":true}]}}