{"id":2944,"date":"2024-01-04T12:24:11","date_gmt":"2024-01-04T12:24:11","guid":{"rendered":"https:\/\/exhifuture.com\/?page_id=2944"},"modified":"2024-08-08T12:10:20","modified_gmt":"2024-08-08T09:10:20","slug":"etkinlik-takvimi","status":"publish","type":"page","link":"https:\/\/exhifuture.com\/en\/activity-areas\/event-calendar\/","title":{"rendered":"Event Calendar"},"content":{"rendered":"<h1>\n\t\tEvent Calendar\n\t<\/h1>\n\t\t\t\t<img decoding=\"async\" src=\"https:\/\/exhifuture.com\/wp-content\/uploads\/2024\/02\/lift-expo-moscow.png\" alt=\"lift-expo-moscow\" title=\"lift-expo-moscow\" itemprop=\"image\"  \/>\n\t<h3>\n\t\t\t\tLift Expo. Moscow\n\t\t\t<\/h3>\n\t\t<p>Rusya&#8217;da d\u00fczenlenecek olan Lift Expo. Moscow , T\u00fcrk firmalar\u0131n\u0131 inovasyon, i\u015fbirli\u011fi ve b\u00fcy\u00fcme f\u0131rsatlar\u0131yla bulu\u015fturmak \u00fczere kap\u0131lar\u0131n\u0131 a\u00e7\u0131yor. Bu heyecan verici etkinlik, sekt\u00f6rdeki en son teknoloji ve trendleri ke\u015ffetmeniz, potansiyel i\u015f ortaklar\u0131yla tan\u0131\u015fman\u0131z ve i\u015fletmenizi uluslararas\u0131 arenada daha da g\u00fc\u00e7lendirmeniz i\u00e7in bir f\u0131rsat sunuyor.<\/p>\t\n\t\t\t<a href=\"https:\/\/lift-expo.exhifuture.com\/\" target=\"_blank\" rel=\"noopener\" role=\"button\">\n\t\t\t\t\t\t\tDetailed Information\n\t\t<\/a>\n\t\t\t\t<img decoding=\"async\" src=\"https:\/\/exhifuture.com\/wp-content\/uploads\/2024\/01\/Kurumsal_Logo_beyaz.png\" alt=\"Kurumsal_Logo_beyaz\" title=\"Kurumsal_Logo_beyaz\" itemprop=\"image\"  \/>\n<h2>\n\t\tCorporate\n\t<\/h2>\n\t\t\t\t\t<ul id=\"menu-sol-menu\"><li id=\"menu-item-2970\"><a href=\"https:\/\/exhifuture.com\/en\/corporate\/\">About Us<\/a><\/li>\n<li id=\"menu-item-2973\"><a href=\"https:\/\/exhifuture.com\/en\/corporate\/mission-vision\/\">Mission &amp; Vision<\/a><\/li>\n<li id=\"menu-item-2971\"><a href=\"https:\/\/exhifuture.com\/en\/corporate\/our-team\/\">Our Team<\/a><\/li>\n<li id=\"menu-item-2972\"><a href=\"https:\/\/exhifuture.com\/en\/corporate\/human-resources\/\">Human Resources<\/a><\/li>\n<li id=\"menu-item-3022\"><a href=\"https:\/\/exhifuture.com\/en\/corporate\/press\/\">Press<\/a><\/li>\n<\/ul>\t\n\t<h2>\n\t\tServices\n\t<\/h2>\n\t\t\t\t\t<ul id=\"menu-sag-menu\"><li id=\"menu-item-2976\"><a href=\"https:\/\/exhifuture.com\/en\/activity-areas\/fairs\/\">Fairs<\/a><\/li>\n<li id=\"menu-item-2974\"><a href=\"https:\/\/exhifuture.com\/en\/activity-areas\/b2b-meetings\/\">B2B Meetings<\/a><\/li>\n<li id=\"menu-item-2975\"><a href=\"https:\/\/exhifuture.com\/en\/activity-areas\/event-calendar\/\">Event Calendar<\/a><\/li>\n<\/ul>\t\n\t<h2>\n\t\tContact\n\t<\/h2>\n<p>\u0130stanbul Du\u0308nya Ticaret Merkezi, Atatu\u0308rk Cad. A1 Blok Kat:5 No:226 Yes\u0327ilko\u0308y Bak\u0131rko\u0308y <strong>I\u0307stanbul \/ TU\u0308RKI\u0307YE<\/strong><\/p>\n<p><a href=\"mailto:info@exhifuture.com\">info@exhifuture.com <\/a><\/p>\n<p><a href=\"tel: 902124666261\">+90 212 466 62 61<\/a><\/p>\n\t<p>Copyright \u00a9 2024 EXHIFUTURE \u0130stanbul &#8211; <a href=\"https:\/\/exhifuture.com\/en\/kvkk-metni\/\">GDPR Text<\/a><\/p>\n\t<p>Web Design<strong><a href=\"https:\/\/www.digitalkure.com\/\"> Digital K\u00fcre<\/a> \u00ae<\/strong><\/p>","protected":false},"excerpt":{"rendered":"<p>Lift Expo. Moscow Rusya&#8217;da d\u00fczenlenecek &hellip;<\/p>\n<p class=\"read-more\"> <a class=\"\" href=\"https:\/\/exhifuture.com\/en\/activity-areas\/event-calendar\/\"> <span class=\"screen-reader-text\">Event Calendar<\/span> Read More \u00bb<\/a><\/p>","protected":false},"author":3,"featured_media":0,"parent":634,"menu_order":0,"comment_status":"closed","ping_status":"closed","template":"","meta":{"_uag_custom_page_level_css":"","site-sidebar-layout":"no-sidebar","site-content-layout":"page-builder","ast-site-content-layout":"full-width-container","site-content-style":"unboxed","site-sidebar-style":"unboxed","ast-global-header-display":"","ast-banner-title-visibility":"","ast-main-header-display":"","ast-hfb-above-header-display":"","ast-hfb-below-header-display":"","ast-hfb-mobile-header-display":"","site-post-title":"disabled","ast-breadcrumbs-content":"","ast-featured-img":"disabled","footer-sml-layout":"","theme-transparent-header-meta":"disabled","adv-header-id-meta":"","stick-header-meta":"","header-above-stick-meta":"","header-main-stick-meta":"","header-below-stick-meta":"","astra-migrate-meta-layouts":"set","footnotes":""},"class_list":["post-2944","page","type-page","status-publish","hentry"],"uagb_featured_image_src":{"full":false,"thumbnail":false,"medium":false,"medium_large":false,"large":false,"1536x1536":false,"2048x2048":false,"trp-custom-language-flag":false},"uagb_author_info":{"display_name":"Ali BARDIZ","author_link":"https:\/\/exhifuture.com\/en\/author\/ali\/"},"uagb_comment_info":0,"uagb_excerpt":"Lift Expo. Moscow Rusya&#8217;da d\u00fczenlenecek &hellip; Etkinlik Takvimi Read More \u00bb","_links":{"self":[{"href":"https:\/\/exhifuture.com\/en\/wp-json\/wp\/v2\/pages\/2944","targetHints":{"allow":["GET"]}}],"collection":[{"href":"https:\/\/exhifuture.com\/en\/wp-json\/wp\/v2\/pages"}],"about":[{"href":"https:\/\/exhifuture.com\/en\/wp-json\/wp\/v2\/types\/page"}],"author":[{"embeddable":true,"href":"https:\/\/exhifuture.com\/en\/wp-json\/wp\/v2\/users\/3"}],"replies":[{"embeddable":true,"href":"https:\/\/exhifuture.com\/en\/wp-json\/wp\/v2\/comments?post=2944"}],"version-history":[{"count":3,"href":"https:\/\/exhifuture.com\/en\/wp-json\/wp\/v2\/pages\/2944\/revisions"}],"predecessor-version":[{"id":3506,"href":"https:\/\/exhifuture.com\/en\/wp-json\/wp\/v2\/pages\/2944\/revisions\/3506"}],"up":[{"embeddable":true,"href":"https:\/\/exhifuture.com\/en\/wp-json\/wp\/v2\/pages\/634"}],"wp:attachment":[{"href":"https:\/\/exhifuture.com\/en\/wp-json\/wp\/v2\/media?parent=2944"}],"curies":[{"name":"wp","href":"https:\/\/api.w.org\/{rel}","templated":true}]}}