{"id":2942,"date":"2024-01-04T12:23:36","date_gmt":"2024-01-04T12:23:36","guid":{"rendered":"https:\/\/exhifuture.com\/?page_id=2942"},"modified":"2024-08-25T18:25:15","modified_gmt":"2024-08-25T15:25:15","slug":"b2b-gorusmeler","status":"publish","type":"page","link":"https:\/\/exhifuture.com\/en\/activity-areas\/b2b-meetings\/","title":{"rendered":"B2B Meetings"},"content":{"rendered":"<h1>\n\t\tB2B Meetings\n\t<\/h1>\n\t<p><b><i>Innovative Meetings Bringing the Business World Together: Strengthening Business Connections with B2B Meetings!<\/i><\/b><\/p>\n<p>EXHIFUTURE&#8217;\u0131n d\u00fczenledi\u011fi B2B G\u00f6r\u00fc\u015fmeler, , i\u015f d\u00fcnyas\u0131n\u0131n liderlerini ve profesyonellerini bir araya getirerek i\u015f birli\u011fi ve ticaret olanaklar\u0131n\u0131 art\u0131r\u0131yor. \u00d6zenle tasarlanan bu g\u00f6r\u00fc\u015fmeler, kat\u0131l\u0131mc\u0131lara sekt\u00f6rdeki potansiyel i\u015f ortaklar\u0131yla tan\u0131\u015fma, i\u015fbirli\u011fi olanaklar\u0131n\u0131 de\u011ferlendirme ve i\u015f a\u011flar\u0131n\u0131\u00a0 f\u0131rsat\u0131 sunuyor. Her bir B2B etkinli\u011fi, i\u015f d\u00fcnyas\u0131n\u0131n dinamiklerine uygun \u00e7\u00f6z\u00fcm odakl\u0131 yakla\u015f\u0131mlarla tasarlanm\u0131\u015ft\u0131r, bu da kat\u0131l\u0131mc\u0131lara de\u011ferli i\u015f f\u0131rsatlar\u0131 yakalama imkan\u0131 sa\u011flar. EXHIFUTURE olarak, her etkinli\u011fimizde i\u015f d\u00fcnyas\u0131na katma de\u011fer sa\u011flamaya ve sekt\u00f6rlere yeni ufuklar a\u00e7maya devam ediyoruz.<\/p>\n\t\t\t\t<img decoding=\"async\" src=\"https:\/\/exhifuture.com\/wp-content\/uploads\/2024\/01\/Kurumsal_Logo_beyaz.png\" alt=\"Kurumsal_Logo_beyaz\" title=\"Kurumsal_Logo_beyaz\" itemprop=\"image\"  \/>\n<h2>\n\t\tCorporate\n\t<\/h2>\n\t\t\t\t\t<ul id=\"menu-sol-menu\"><li id=\"menu-item-2970\"><a href=\"https:\/\/exhifuture.com\/en\/corporate\/\">About Us<\/a><\/li>\n<li id=\"menu-item-2973\"><a href=\"https:\/\/exhifuture.com\/en\/corporate\/mission-vision\/\">Mission &amp; Vision<\/a><\/li>\n<li id=\"menu-item-2971\"><a href=\"https:\/\/exhifuture.com\/en\/corporate\/our-team\/\">Our Team<\/a><\/li>\n<li id=\"menu-item-2972\"><a href=\"https:\/\/exhifuture.com\/en\/corporate\/human-resources\/\">Human Resources<\/a><\/li>\n<li id=\"menu-item-3022\"><a href=\"https:\/\/exhifuture.com\/en\/corporate\/press\/\">Press<\/a><\/li>\n<\/ul>\t\n\t<h2>\n\t\tServices\n\t<\/h2>\n\t\t\t\t\t<ul id=\"menu-sag-menu\"><li id=\"menu-item-2976\"><a href=\"https:\/\/exhifuture.com\/en\/activity-areas\/fairs\/\">Fairs<\/a><\/li>\n<li id=\"menu-item-2974\"><a href=\"https:\/\/exhifuture.com\/en\/activity-areas\/b2b-meetings\/\">B2B Meetings<\/a><\/li>\n<li id=\"menu-item-2975\"><a href=\"https:\/\/exhifuture.com\/en\/activity-areas\/event-calendar\/\">Event Calendar<\/a><\/li>\n<\/ul>\t\n\t<h2>\n\t\tContact\n\t<\/h2>\n<p>\u0130stanbul Du\u0308nya Ticaret Merkezi, Atatu\u0308rk Cad. A1 Blok Kat:5 No:226 Yes\u0327ilko\u0308y Bak\u0131rko\u0308y <strong>I\u0307stanbul \/ TU\u0308RKI\u0307YE<\/strong><\/p>\n<p><a href=\"mailto:info@exhifuture.com\">info@exhifuture.com <\/a><\/p>\n<p><a href=\"tel: 902124666261\">+90 212 466 62 61<\/a><\/p>\n\t<p>Copyright \u00a9 2024 EXHIFUTURE \u0130stanbul &#8211; <a href=\"https:\/\/exhifuture.com\/en\/kvkk-metni\/\">GDPR Text<\/a><\/p>\n\t<p>Web Design<strong><a href=\"https:\/\/www.digitalkure.com\/\"> Digital K\u00fcre<\/a> \u00ae<\/strong><\/p>","protected":false},"excerpt":{"rendered":"<p>\u0130\u015f D\u00fcnyas\u0131n\u0131 Bulu\u015fturan Yenilik\u00e7i G\u00f6r\u00fc\u015fmeler: &hellip;<\/p>\n<p class=\"read-more\"> <a class=\"\" href=\"https:\/\/exhifuture.com\/en\/activity-areas\/b2b-meetings\/\"> <span class=\"screen-reader-text\">B2B Meetings<\/span> Read More \u00bb<\/a><\/p>","protected":false},"author":3,"featured_media":0,"parent":634,"menu_order":0,"comment_status":"closed","ping_status":"closed","template":"","meta":{"_uag_custom_page_level_css":"","site-sidebar-layout":"no-sidebar","site-content-layout":"page-builder","ast-site-content-layout":"full-width-container","site-content-style":"unboxed","site-sidebar-style":"unboxed","ast-global-header-display":"","ast-banner-title-visibility":"","ast-main-header-display":"","ast-hfb-above-header-display":"","ast-hfb-below-header-display":"","ast-hfb-mobile-header-display":"","site-post-title":"disabled","ast-breadcrumbs-content":"","ast-featured-img":"disabled","footer-sml-layout":"","theme-transparent-header-meta":"disabled","adv-header-id-meta":"","stick-header-meta":"","header-above-stick-meta":"","header-main-stick-meta":"","header-below-stick-meta":"","astra-migrate-meta-layouts":"set","footnotes":""},"class_list":["post-2942","page","type-page","status-publish","hentry"],"uagb_featured_image_src":{"full":false,"thumbnail":false,"medium":false,"medium_large":false,"large":false,"1536x1536":false,"2048x2048":false,"trp-custom-language-flag":false},"uagb_author_info":{"display_name":"Ali BARDIZ","author_link":"https:\/\/exhifuture.com\/en\/author\/ali\/"},"uagb_comment_info":0,"uagb_excerpt":"\u0130\u015f D\u00fcnyas\u0131n\u0131 Bulu\u015fturan Yenilik\u00e7i G\u00f6r\u00fc\u015fmeler: &hellip; B2B G\u00f6r\u00fc\u015fmeler Read More \u00bb","_links":{"self":[{"href":"https:\/\/exhifuture.com\/en\/wp-json\/wp\/v2\/pages\/2942","targetHints":{"allow":["GET"]}}],"collection":[{"href":"https:\/\/exhifuture.com\/en\/wp-json\/wp\/v2\/pages"}],"about":[{"href":"https:\/\/exhifuture.com\/en\/wp-json\/wp\/v2\/types\/page"}],"author":[{"embeddable":true,"href":"https:\/\/exhifuture.com\/en\/wp-json\/wp\/v2\/users\/3"}],"replies":[{"embeddable":true,"href":"https:\/\/exhifuture.com\/en\/wp-json\/wp\/v2\/comments?post=2942"}],"version-history":[{"count":3,"href":"https:\/\/exhifuture.com\/en\/wp-json\/wp\/v2\/pages\/2942\/revisions"}],"predecessor-version":[{"id":3502,"href":"https:\/\/exhifuture.com\/en\/wp-json\/wp\/v2\/pages\/2942\/revisions\/3502"}],"up":[{"embeddable":true,"href":"https:\/\/exhifuture.com\/en\/wp-json\/wp\/v2\/pages\/634"}],"wp:attachment":[{"href":"https:\/\/exhifuture.com\/en\/wp-json\/wp\/v2\/media?parent=2942"}],"curies":[{"name":"wp","href":"https:\/\/api.w.org\/{rel}","templated":true}]}}