{"id":2741,"date":"2023-11-09T19:40:36","date_gmt":"2023-11-09T19:40:36","guid":{"rendered":"https:\/\/exhifuture.com\/?page_id=2741"},"modified":"2024-08-07T15:28:24","modified_gmt":"2024-08-07T12:28:24","slug":"basin","status":"publish","type":"page","link":"https:\/\/exhifuture.com\/en\/corporate\/press\/","title":{"rendered":"Press"},"content":{"rendered":"<h1>\n\t\tPress\n\t<\/h1>\n\t<p>EXHIFUTURE&#8217;\u0131n Bas\u0131n Odas\u0131, d\u00fczenledi\u011fi fuarlar ve etkinlikler arac\u0131l\u0131\u011f\u0131yla ticarete olan katk\u0131s\u0131n\u0131 kamuoyuna duyurmak ve sekt\u00f6rdeki geli\u015fmeleri payla\u015fmak amac\u0131yla olu\u015fturulmu\u015ftur. EXHIFUTURE, fuar ve etkinliklerle i\u015f d\u00fcnyas\u0131na sundu\u011fu f\u0131rsatlar\u0131, sekt\u00f6re kazand\u0131rd\u0131\u011f\u0131 de\u011ferleri ve ticaretin dinamiklerine katk\u0131lar\u0131n\u0131 bu \u00f6zel platformda payla\u015f\u0131yor.<\/p>\n<p>Ayr\u0131ca, EXHIFUTURE olarak kamuoyunu h\u0131zl\u0131 ve do\u011fru bir \u015fekilde bilgilendirmenin \u00f6nemini biliyor ve bu nedenle Bas\u0131n Odas\u0131&#8217;nda en g\u00fcncel bilgileri sunarak payda\u015flar\u0131m\u0131z\u0131n her zaman do\u011fru ve g\u00fcvenilir kaynaklardan bilgi almalar\u0131n\u0131 sa\u011fl\u0131yoruz. EXHIFUTURE, d\u00fczenledi\u011fi etkinliklerin ve fuarlar\u0131n ticaret d\u00fcnyas\u0131na olan etkilerini \u015feffaf bir \u015fekilde payla\u015farak sekt\u00f6rdeki geli\u015fmeleri kamuoyu ile payla\u015fma sorumlulu\u011funu ta\u015f\u0131maktad\u0131r.<\/p>\n<p>For this reason, we are always ready to support and gladly assist our press members in meeting all information and document requests. You can contact our press center for your questions, information and opinion requests on any topic. As EXHIFUTURE, we are determined to maintain our sensitivity in sharing innovations in the business world and providing accurate information about our solutions in this area.<\/p>\n\t\t\t\t<img decoding=\"async\" src=\"https:\/\/exhifuture.com\/wp-content\/uploads\/2024\/01\/Kurumsal_Logo_beyaz.png\" alt=\"Kurumsal_Logo_beyaz\" title=\"Kurumsal_Logo_beyaz\" itemprop=\"image\"  \/>\n<h2>\n\t\tCorporate\n\t<\/h2>\n\t\t\t\t\t<ul id=\"menu-sol-menu\"><li id=\"menu-item-2970\"><a href=\"https:\/\/exhifuture.com\/en\/corporate\/\">About Us<\/a><\/li>\n<li id=\"menu-item-2973\"><a href=\"https:\/\/exhifuture.com\/en\/corporate\/mission-vision\/\">Mission &amp; Vision<\/a><\/li>\n<li id=\"menu-item-2971\"><a href=\"https:\/\/exhifuture.com\/en\/corporate\/our-team\/\">Our Team<\/a><\/li>\n<li id=\"menu-item-2972\"><a href=\"https:\/\/exhifuture.com\/en\/corporate\/human-resources\/\">Human Resources<\/a><\/li>\n<li id=\"menu-item-3022\"><a href=\"https:\/\/exhifuture.com\/en\/corporate\/press\/\">Press<\/a><\/li>\n<\/ul>\t\n\t<h2>\n\t\tServices\n\t<\/h2>\n\t\t\t\t\t<ul id=\"menu-sag-menu\"><li id=\"menu-item-2976\"><a href=\"https:\/\/exhifuture.com\/en\/activity-areas\/fairs\/\">Fairs<\/a><\/li>\n<li id=\"menu-item-2974\"><a href=\"https:\/\/exhifuture.com\/en\/activity-areas\/b2b-meetings\/\">B2B Meetings<\/a><\/li>\n<li id=\"menu-item-2975\"><a href=\"https:\/\/exhifuture.com\/en\/activity-areas\/event-calendar\/\">Event Calendar<\/a><\/li>\n<\/ul>\t\n\t<h2>\n\t\tContact\n\t<\/h2>\n<p>\u0130stanbul Du\u0308nya Ticaret Merkezi, Atatu\u0308rk Cad. A1 Blok Kat:5 No:226 Yes\u0327ilko\u0308y Bak\u0131rko\u0308y <strong>I\u0307stanbul \/ TU\u0308RKI\u0307YE<\/strong><\/p>\n<p><a href=\"mailto:info@exhifuture.com\">info@exhifuture.com <\/a><\/p>\n<p><a href=\"tel: 902124666261\">+90 212 466 62 61<\/a><\/p>\n\t<p>Copyright \u00a9 2024 EXHIFUTURE \u0130stanbul &#8211; <a href=\"https:\/\/exhifuture.com\/en\/kvkk-metni\/\">GDPR Text<\/a><\/p>\n\t<p>Web Design<a href=\"https:\/\/www.digitalkure.com\/\"> Digital K\u00fcre<\/a> \u00ae<\/p>","protected":false},"excerpt":{"rendered":"<p>EXHIFUTURE&#8217;\u0131n Bas\u0131n Odas\u0131, d\u00fczenledi\u011fi fuarlar &hellip;<\/p>\n<p class=\"read-more\"> <a class=\"\" href=\"https:\/\/exhifuture.com\/en\/corporate\/press\/\"> <span class=\"screen-reader-text\">Press<\/span> Read More \u00bb<\/a><\/p>","protected":false},"author":3,"featured_media":0,"parent":633,"menu_order":0,"comment_status":"closed","ping_status":"closed","template":"","meta":{"_uag_custom_page_level_css":"","site-sidebar-layout":"no-sidebar","site-content-layout":"page-builder","ast-site-content-layout":"full-width-container","site-content-style":"unboxed","site-sidebar-style":"unboxed","ast-global-header-display":"","ast-banner-title-visibility":"","ast-main-header-display":"","ast-hfb-above-header-display":"","ast-hfb-below-header-display":"","ast-hfb-mobile-header-display":"","site-post-title":"disabled","ast-breadcrumbs-content":"","ast-featured-img":"disabled","footer-sml-layout":"","theme-transparent-header-meta":"disabled","adv-header-id-meta":"","stick-header-meta":"","header-above-stick-meta":"","header-main-stick-meta":"","header-below-stick-meta":"","astra-migrate-meta-layouts":"set","footnotes":""},"class_list":["post-2741","page","type-page","status-publish","hentry"],"uagb_featured_image_src":{"full":false,"thumbnail":false,"medium":false,"medium_large":false,"large":false,"1536x1536":false,"2048x2048":false,"trp-custom-language-flag":false},"uagb_author_info":{"display_name":"Ali BARDIZ","author_link":"https:\/\/exhifuture.com\/en\/author\/ali\/"},"uagb_comment_info":0,"uagb_excerpt":"EXHIFUTURE&#8217;\u0131n Bas\u0131n Odas\u0131, d\u00fczenledi\u011fi fuarlar &hellip; Bas\u0131n Read More \u00bb","_links":{"self":[{"href":"https:\/\/exhifuture.com\/en\/wp-json\/wp\/v2\/pages\/2741","targetHints":{"allow":["GET"]}}],"collection":[{"href":"https:\/\/exhifuture.com\/en\/wp-json\/wp\/v2\/pages"}],"about":[{"href":"https:\/\/exhifuture.com\/en\/wp-json\/wp\/v2\/types\/page"}],"author":[{"embeddable":true,"href":"https:\/\/exhifuture.com\/en\/wp-json\/wp\/v2\/users\/3"}],"replies":[{"embeddable":true,"href":"https:\/\/exhifuture.com\/en\/wp-json\/wp\/v2\/comments?post=2741"}],"version-history":[{"count":2,"href":"https:\/\/exhifuture.com\/en\/wp-json\/wp\/v2\/pages\/2741\/revisions"}],"predecessor-version":[{"id":3453,"href":"https:\/\/exhifuture.com\/en\/wp-json\/wp\/v2\/pages\/2741\/revisions\/3453"}],"up":[{"embeddable":true,"href":"https:\/\/exhifuture.com\/en\/wp-json\/wp\/v2\/pages\/633"}],"wp:attachment":[{"href":"https:\/\/exhifuture.com\/en\/wp-json\/wp\/v2\/media?parent=2741"}],"curies":[{"name":"wp","href":"https:\/\/api.w.org\/{rel}","templated":true}]}}