{"id":2739,"date":"2023-11-09T19:39:57","date_gmt":"2023-11-09T19:39:57","guid":{"rendered":"https:\/\/exhifuture.com\/?page_id=2739"},"modified":"2025-05-12T18:41:24","modified_gmt":"2025-05-12T15:41:24","slug":"ekibimiz","status":"publish","type":"page","link":"https:\/\/exhifuture.com\/en\/corporate\/our-team\/","title":{"rendered":"Our Team"},"content":{"rendered":"<h1>\n\t\tOur Team\n\t<\/h1>\n\t<p><strong><em>Meet Our Team: 20 Years of Experience and Success!<\/em><\/strong><\/p>\n<p>The EXHIFUTURE team has been formed by bringing together experienced professionals who have Deciphered successful projects in many geographies around the world with their 20-year experience in the fields of exhibition and event organization. Our team members, each of whom is specialized in their own field, closely follow the developments in the exhibition world and offer innovative and creative solutions. Our team, which works meticulously at every stage of the fair organization, always adopts customer satisfaction as a priority.<\/p>\n<p>As the EXHIFUTURE team, we act with our solution-oriented approach, with the vision of turning the difficulties of trade into opportunities.<\/p>\n<p>We invite you to meet the EXHIFUTURE team and plan your events together. Let's open the doors of impressive events together with solutions suitable for your needs!<\/p>\n\t\t\t\t<img decoding=\"async\" src=\"https:\/\/exhifuture.com\/wp-content\/uploads\/2024\/01\/Kurumsal_Logo_beyaz.png\" alt=\"Kurumsal_Logo_beyaz\" title=\"Kurumsal_Logo_beyaz\" itemprop=\"image\"  \/>\n<h2>\n\t\tCorporate\n\t<\/h2>\n\t\t\t\t\t<ul id=\"menu-sol-menu\"><li id=\"menu-item-2970\"><a href=\"https:\/\/exhifuture.com\/en\/corporate\/\">About Us<\/a><\/li>\n<li id=\"menu-item-2973\"><a href=\"https:\/\/exhifuture.com\/en\/corporate\/mission-vision\/\">Mission &amp; Vision<\/a><\/li>\n<li id=\"menu-item-2971\"><a href=\"https:\/\/exhifuture.com\/en\/corporate\/our-team\/\">Our Team<\/a><\/li>\n<li id=\"menu-item-2972\"><a href=\"https:\/\/exhifuture.com\/en\/corporate\/human-resources\/\">Human Resources<\/a><\/li>\n<li id=\"menu-item-3022\"><a href=\"https:\/\/exhifuture.com\/en\/corporate\/press\/\">Press<\/a><\/li>\n<\/ul>\t\n\t<h2>\n\t\tServices\n\t<\/h2>\n\t\t\t\t\t<ul id=\"menu-sag-menu\"><li id=\"menu-item-2976\"><a href=\"https:\/\/exhifuture.com\/en\/activity-areas\/fairs\/\">Fairs<\/a><\/li>\n<li id=\"menu-item-2974\"><a href=\"https:\/\/exhifuture.com\/en\/activity-areas\/b2b-meetings\/\">B2B Meetings<\/a><\/li>\n<li id=\"menu-item-2975\"><a href=\"https:\/\/exhifuture.com\/en\/activity-areas\/event-calendar\/\">Event Calendar<\/a><\/li>\n<\/ul>\t\n\t<h2>\n\t\tContact\n\t<\/h2>\n<p>\u0130stanbul Du\u0308nya Ticaret Merkezi, Atatu\u0308rk Cad. A1 Blok Kat:5 No:226 Yes\u0327ilko\u0308y Bak\u0131rko\u0308y <strong>I\u0307stanbul \/ TU\u0308RKI\u0307YE<\/strong><\/p>\n<p><a href=\"mailto:info@exhifuture.com\">info@exhifuture.com <\/a><\/p>\n<p><a href=\"tel: 902124666261\">+90 212 466 62 61<\/a><\/p>\n\t<p>Copyright \u00a9 2024 EXHIFUTURE \u0130stanbul &#8211; <a href=\"https:\/\/exhifuture.com\/en\/kvkk-metni\/\">GDPR Text<\/a><\/p>","protected":false},"excerpt":{"rendered":"<p>Ekibimizle Tan\u0131\u015f\u0131n: 20 Y\u0131ll\u0131k Deneyim &hellip;<\/p>\n<p class=\"read-more\"> <a class=\"\" href=\"https:\/\/exhifuture.com\/en\/corporate\/our-team\/\"> <span class=\"screen-reader-text\">Our Team<\/span> Read More \u00bb<\/a><\/p>","protected":false},"author":3,"featured_media":0,"parent":633,"menu_order":0,"comment_status":"closed","ping_status":"closed","template":"","meta":{"_uag_custom_page_level_css":"","site-sidebar-layout":"no-sidebar","site-content-layout":"page-builder","ast-site-content-layout":"full-width-container","site-content-style":"unboxed","site-sidebar-style":"unboxed","ast-global-header-display":"","ast-banner-title-visibility":"","ast-main-header-display":"","ast-hfb-above-header-display":"","ast-hfb-below-header-display":"","ast-hfb-mobile-header-display":"","site-post-title":"disabled","ast-breadcrumbs-content":"","ast-featured-img":"disabled","footer-sml-layout":"","theme-transparent-header-meta":"disabled","adv-header-id-meta":"","stick-header-meta":"","header-above-stick-meta":"","header-main-stick-meta":"","header-below-stick-meta":"","astra-migrate-meta-layouts":"set","footnotes":""},"class_list":["post-2739","page","type-page","status-publish","hentry"],"uagb_featured_image_src":{"full":false,"thumbnail":false,"medium":false,"medium_large":false,"large":false,"1536x1536":false,"2048x2048":false,"trp-custom-language-flag":false},"uagb_author_info":{"display_name":"Ali BARDIZ","author_link":"https:\/\/exhifuture.com\/en\/author\/ali\/"},"uagb_comment_info":0,"uagb_excerpt":"Ekibimizle Tan\u0131\u015f\u0131n: 20 Y\u0131ll\u0131k Deneyim &hellip; Ekibimiz Read More \u00bb","_links":{"self":[{"href":"https:\/\/exhifuture.com\/en\/wp-json\/wp\/v2\/pages\/2739","targetHints":{"allow":["GET"]}}],"collection":[{"href":"https:\/\/exhifuture.com\/en\/wp-json\/wp\/v2\/pages"}],"about":[{"href":"https:\/\/exhifuture.com\/en\/wp-json\/wp\/v2\/types\/page"}],"author":[{"embeddable":true,"href":"https:\/\/exhifuture.com\/en\/wp-json\/wp\/v2\/users\/3"}],"replies":[{"embeddable":true,"href":"https:\/\/exhifuture.com\/en\/wp-json\/wp\/v2\/comments?post=2739"}],"version-history":[{"count":4,"href":"https:\/\/exhifuture.com\/en\/wp-json\/wp\/v2\/pages\/2739\/revisions"}],"predecessor-version":[{"id":3524,"href":"https:\/\/exhifuture.com\/en\/wp-json\/wp\/v2\/pages\/2739\/revisions\/3524"}],"up":[{"embeddable":true,"href":"https:\/\/exhifuture.com\/en\/wp-json\/wp\/v2\/pages\/633"}],"wp:attachment":[{"href":"https:\/\/exhifuture.com\/en\/wp-json\/wp\/v2\/media?parent=2739"}],"curies":[{"name":"wp","href":"https:\/\/api.w.org\/{rel}","templated":true}]}}