{"id":2729,"date":"2023-11-09T19:29:52","date_gmt":"2023-11-09T19:29:52","guid":{"rendered":"https:\/\/exhifuture.com\/?page_id=2729"},"modified":"2024-08-07T15:27:46","modified_gmt":"2024-08-07T12:27:46","slug":"insan-kaynaklari","status":"publish","type":"page","link":"https:\/\/exhifuture.com\/en\/corporate\/human-resources\/","title":{"rendered":"Human Resources"},"content":{"rendered":"<h1>\n\t\tHuman Resources\n\t<\/h1>\n\t<p><strong><em>\u00a0<\/em><\/strong><strong><em>Achieving Success with Experience and Passion!<\/em><\/strong><\/p>\n<p>EXHIFUTURE&#8217;\u0131n en de\u011ferli kayna\u011f\u0131, tutkulu, tecr\u00fcbeli ve yetenekli ekibidir. Her bir \u00fcyemiz, i\u015fimizi sevgi ve \u00f6zenle yapma kararl\u0131l\u0131\u011f\u0131n\u0131 ta\u015f\u0131r. \u0130\u015f d\u00fcnyas\u0131n\u0131n karma\u015f\u0131kl\u0131\u011f\u0131na kar\u015f\u0131 birlikte m\u00fccadele eder, ba\u015far\u0131ya giden yolda ad\u0131mlar\u0131m\u0131z\u0131 kararl\u0131l\u0131kla atmaktan gurur duyar\u0131z.<\/p>\n<p>Our experienced team is well-versed in the intricacies of international trade with years of experience. We follow global trade trends, conduct market analyses and adapt to sectoral changes. This ensures that we provide our customers with the most up-to-date and competitive services.<\/p>\n<p>Our passionate work ethic not only involves doing our job but also reflects a desire to do more to maximize customer satisfaction. The success of our customers is our success, and therefore, we work diligently at every step.<\/p>\n<p>\u0130nsan kaynaklar\u0131, EXHIFUTURE&#8217;\u0131n temel ta\u015f\u0131d\u0131r. Deneyimli ve tutkulu ekibimizle birlikte, m\u00fc\u015fterilerimize ve i\u015f ortaklar\u0131m\u0131za en iyi hizmeti sunmay\u0131 hedefleriz ve T\u00fcrkiye&#8217;nin ekonomik b\u00fcy\u00fcmesine katk\u0131da bulunma konusundaki kararl\u0131l\u0131\u011f\u0131m\u0131z\u0131 s\u00fcrd\u00fcr\u00fcr\u00fcz.<\/p>\n<p><strong><u>Recruitment and Placement:<\/u><\/strong><\/p>\n<p><em>Choosing the Best with Experience and Passion<\/em><\/p>\n<p><em> EXHIFUTURE<\/em>\u00a0as a company, we work selflessly to ensure that experience, talent and passion are at a high level in our candidate selection and placement processes. By understanding the requirements of the business world, we carefully evaluate candidates who are suitable for our job. In addition, we take care to select people who will adapt to our company's culture and vision.<\/p>\n<p><strong><u>Performance Evaluation:<\/u><\/strong><\/p>\n<p><em>Defining Success and Creating a Roadmap for Improvement<\/em><\/p>\n<p>As EXHIFUTURE, we provide feedback to determine the areas of development with the success of each member of our team and to increase his motivation. Our performance evaluation process allows us to collaborate to maximize the potential of each member of our team and achieve their goals. Thus, the continuous improvement process contributes to the growth of both our team members and our company.<\/p>\n<p><strong><u>Career Planning:<\/u><\/strong><\/p>\n<p><em>Supporting Your Career While Shaping the Future<\/em><\/p>\n<p>EXHIFUTURE, we aim to maximize the success of our team by supporting career planning processes. Our experienced and passionate team understands the career goals of each individual and offers the necessary support to achieve them. Our career planning processes highlight the talents and passions of individuals while shaping the future. Our goal is to help each individual succeed in the best possible way and thus enable them to add value to the business world and the national economy.<\/p>\n<p>EXHIFUTURE&#8217;da kariyerinizin gelece\u011fini \u015fekillendirmek i\u00e7in birlikte \u00e7al\u0131\u015fmaktan heyecan duyuyoruz.<\/p>\n\t\t\t\t<img decoding=\"async\" src=\"https:\/\/exhifuture.com\/wp-content\/uploads\/2024\/01\/Kurumsal_Logo_beyaz.png\" alt=\"Kurumsal_Logo_beyaz\" title=\"Kurumsal_Logo_beyaz\" itemprop=\"image\"  \/>\n<h2>\n\t\tCorporate\n\t<\/h2>\n\t\t\t\t\t<ul id=\"menu-sol-menu\"><li id=\"menu-item-2970\"><a href=\"https:\/\/exhifuture.com\/en\/corporate\/\">About Us<\/a><\/li>\n<li id=\"menu-item-2973\"><a href=\"https:\/\/exhifuture.com\/en\/corporate\/mission-vision\/\">Mission &amp; Vision<\/a><\/li>\n<li id=\"menu-item-2971\"><a href=\"https:\/\/exhifuture.com\/en\/corporate\/our-team\/\">Our Team<\/a><\/li>\n<li id=\"menu-item-2972\"><a href=\"https:\/\/exhifuture.com\/en\/corporate\/human-resources\/\">Human Resources<\/a><\/li>\n<li id=\"menu-item-3022\"><a href=\"https:\/\/exhifuture.com\/en\/corporate\/press\/\">Press<\/a><\/li>\n<\/ul>\t\n\t<h2>\n\t\tServices\n\t<\/h2>\n\t\t\t\t\t<ul id=\"menu-sag-menu\"><li id=\"menu-item-2976\"><a href=\"https:\/\/exhifuture.com\/en\/activity-areas\/fairs\/\">Fairs<\/a><\/li>\n<li id=\"menu-item-2974\"><a href=\"https:\/\/exhifuture.com\/en\/activity-areas\/b2b-meetings\/\">B2B Meetings<\/a><\/li>\n<li id=\"menu-item-2975\"><a href=\"https:\/\/exhifuture.com\/en\/activity-areas\/event-calendar\/\">Event Calendar<\/a><\/li>\n<\/ul>\t\n\t<h2>\n\t\tContact\n\t<\/h2>\n<p>\u0130stanbul Du\u0308nya Ticaret Merkezi, Atatu\u0308rk Cad. A1 Blok Kat:5 No:226 Yes\u0327ilko\u0308y Bak\u0131rko\u0308y <strong>I\u0307stanbul \/ TU\u0308RKI\u0307YE<\/strong><\/p>\n<p><a href=\"mailto:info@exhifuture.com\">info@exhifuture.com <\/a><\/p>\n<p><a href=\"tel: 902124666261\">+90 212 466 62 61<\/a><\/p>\n\t<p>Copyright \u00a9 2024 EXHIFUTURE \u0130stanbul &#8211; <a href=\"https:\/\/exhifuture.com\/en\/kvkk-metni\/\">GDPR Text<\/a><\/p>\n\t<p>Web Design<a href=\"https:\/\/www.digitalkure.com\/\"> Digital K\u00fcre<\/a> \u00ae<\/p>","protected":false},"excerpt":{"rendered":"<p>\u00a0Tecr\u00fcbe ve Tutkuyla Ba\u015far\u0131y\u0131 Yakal\u0131yoruz! &hellip;<\/p>\n<p class=\"read-more\"> <a class=\"\" href=\"https:\/\/exhifuture.com\/en\/corporate\/human-resources\/\"> <span class=\"screen-reader-text\">Human Resources<\/span> Read More \u00bb<\/a><\/p>","protected":false},"author":3,"featured_media":0,"parent":633,"menu_order":0,"comment_status":"closed","ping_status":"closed","template":"","meta":{"_uag_custom_page_level_css":"","site-sidebar-layout":"no-sidebar","site-content-layout":"page-builder","ast-site-content-layout":"full-width-container","site-content-style":"unboxed","site-sidebar-style":"unboxed","ast-global-header-display":"","ast-banner-title-visibility":"","ast-main-header-display":"","ast-hfb-above-header-display":"","ast-hfb-below-header-display":"","ast-hfb-mobile-header-display":"","site-post-title":"disabled","ast-breadcrumbs-content":"","ast-featured-img":"disabled","footer-sml-layout":"","theme-transparent-header-meta":"disabled","adv-header-id-meta":"","stick-header-meta":"","header-above-stick-meta":"","header-main-stick-meta":"","header-below-stick-meta":"","astra-migrate-meta-layouts":"set","footnotes":""},"class_list":["post-2729","page","type-page","status-publish","hentry"],"uagb_featured_image_src":{"full":false,"thumbnail":false,"medium":false,"medium_large":false,"large":false,"1536x1536":false,"2048x2048":false,"trp-custom-language-flag":false},"uagb_author_info":{"display_name":"Ali BARDIZ","author_link":"https:\/\/exhifuture.com\/en\/author\/ali\/"},"uagb_comment_info":0,"uagb_excerpt":"\u00a0Tecr\u00fcbe ve Tutkuyla Ba\u015far\u0131y\u0131 Yakal\u0131yoruz! &hellip; \u0130nsan Kaynaklar\u0131 Read More \u00bb","_links":{"self":[{"href":"https:\/\/exhifuture.com\/en\/wp-json\/wp\/v2\/pages\/2729","targetHints":{"allow":["GET"]}}],"collection":[{"href":"https:\/\/exhifuture.com\/en\/wp-json\/wp\/v2\/pages"}],"about":[{"href":"https:\/\/exhifuture.com\/en\/wp-json\/wp\/v2\/types\/page"}],"author":[{"embeddable":true,"href":"https:\/\/exhifuture.com\/en\/wp-json\/wp\/v2\/users\/3"}],"replies":[{"embeddable":true,"href":"https:\/\/exhifuture.com\/en\/wp-json\/wp\/v2\/comments?post=2729"}],"version-history":[{"count":3,"href":"https:\/\/exhifuture.com\/en\/wp-json\/wp\/v2\/pages\/2729\/revisions"}],"predecessor-version":[{"id":3452,"href":"https:\/\/exhifuture.com\/en\/wp-json\/wp\/v2\/pages\/2729\/revisions\/3452"}],"up":[{"embeddable":true,"href":"https:\/\/exhifuture.com\/en\/wp-json\/wp\/v2\/pages\/633"}],"wp:attachment":[{"href":"https:\/\/exhifuture.com\/en\/wp-json\/wp\/v2\/media?parent=2729"}],"curies":[{"name":"wp","href":"https:\/\/api.w.org\/{rel}","templated":true}]}}