{"id":2724,"date":"2023-11-09T19:28:52","date_gmt":"2023-11-09T19:28:52","guid":{"rendered":"https:\/\/exhifuture.com\/?page_id=2724"},"modified":"2025-04-22T16:52:28","modified_gmt":"2025-04-22T13:52:28","slug":"misyon-vizyon","status":"publish","type":"page","link":"https:\/\/exhifuture.com\/en\/corporate\/mission-vision\/","title":{"rendered":"Mission &amp; Vision"},"content":{"rendered":"<h1>\n\t\tMission &amp; Vision\n\t<\/h1>\n\t\t\t\t<img decoding=\"async\" src=\"https:\/\/exhifuture.com\/wp-content\/uploads\/2024\/01\/1-01.png\" alt=\"1-01\" title=\"1-01\" itemprop=\"image\"\/>\n\t\t<h2>\n\t\tMission\n\t<\/h2>\n\t<p><strong><em>Adding Value to the Business World with Innovative Solutions!<\/em><\/strong><\/p>\n<p>Our mission carries the goal of adding value to the business world by overcoming the challenges of international trade. With this goal, we work to satisfy our partners, customers, manufacturers and buyers contributing to our country's economy. In each project, we take on the responsibility of removing obstacles to trade and growing the business world by providing innovative solutions.<\/p>\n\t\t\t\t<img decoding=\"async\" src=\"https:\/\/exhifuture.com\/wp-content\/uploads\/2024\/01\/1-02.png\" alt=\"1-02\" title=\"1-02\" itemprop=\"image\"\/>\n\t\t<h2>\n\t\tVision\n\t<\/h2>\n\t<p><strong><em>Shaping the Future with Leadership and Innovation!<\/em><\/strong><\/p>\n<p>Fuar ve etkinlik sekt\u00f6r\u00fcnde kendimizi s\u00fcrekli geli\u015ftirip m\u00fc\u015fterilerimize daima yenilik\u00e7i ve \u00f6zg\u00fcn \u00e7\u00f6z\u00fcmler sunarak sekt\u00f6r\u00fcn \u00f6nde gelen ismi olmay\u0131 hedefliyoruz. Dijitalle\u015fme ve teknolojik ilerlemelerin getirdi\u011fi f\u0131rsatlar\u0131 en iyi \u015fekilde de\u011ferlendirerek sadece T\u00fcrkiye&#8217;de de\u011fil, d\u00fcnya genelinde liderlik ve inovasyonla i\u015f d\u00fcnyas\u0131na y\u00f6n vermek ve uluslararas\u0131 ticareti kolayla\u015ft\u0131rarak \u00fclke ekonomisine de\u011fer katmay\u0131 hedefliyoruz. Vizyonumuz, i\u015f ortaklar\u0131m\u0131z ve m\u00fc\u015fterilerimiz i\u00e7in de\u011fer yaratmaya devam ederek; her ad\u0131mda, i\u015f d\u00fcnyas\u0131n\u0131n rekabet g\u00fcc\u00fcn\u00fc art\u0131rmak ve daha iyi bit ticaret d\u00fcnyas\u0131 in\u015fa etmek i\u00e7in \u00e7e\u015fitli stratejiler ve teknolojiler kullanarak, T\u00fcrkiye&#8217;nin ekonomik b\u00fcy\u00fcmesine katk\u0131da bulunmakt\u0131r.<\/p>\n\t\t\t\t<img decoding=\"async\" src=\"https:\/\/exhifuture.com\/wp-content\/uploads\/2024\/01\/Kurumsal_Logo_beyaz.png\" alt=\"Kurumsal_Logo_beyaz\" title=\"Kurumsal_Logo_beyaz\" itemprop=\"image\"  \/>\n<h2>\n\t\tCorporate\n\t<\/h2>\n\t\t\t\t\t<ul id=\"menu-sol-menu\"><li id=\"menu-item-2970\"><a href=\"https:\/\/exhifuture.com\/en\/corporate\/\">About Us<\/a><\/li>\n<li id=\"menu-item-2973\"><a href=\"https:\/\/exhifuture.com\/en\/corporate\/mission-vision\/\">Mission &amp; Vision<\/a><\/li>\n<li id=\"menu-item-2971\"><a href=\"https:\/\/exhifuture.com\/en\/corporate\/our-team\/\">Our Team<\/a><\/li>\n<li id=\"menu-item-2972\"><a href=\"https:\/\/exhifuture.com\/en\/corporate\/human-resources\/\">Human Resources<\/a><\/li>\n<li id=\"menu-item-3022\"><a href=\"https:\/\/exhifuture.com\/en\/corporate\/press\/\">Press<\/a><\/li>\n<\/ul>\t\n\t<h2>\n\t\tServices\n\t<\/h2>\n\t\t\t\t\t<ul id=\"menu-sag-menu\"><li id=\"menu-item-2976\"><a href=\"https:\/\/exhifuture.com\/en\/activity-areas\/fairs\/\">Fairs<\/a><\/li>\n<li id=\"menu-item-2974\"><a href=\"https:\/\/exhifuture.com\/en\/activity-areas\/b2b-meetings\/\">B2B Meetings<\/a><\/li>\n<li id=\"menu-item-2975\"><a href=\"https:\/\/exhifuture.com\/en\/activity-areas\/event-calendar\/\">Event Calendar<\/a><\/li>\n<\/ul>\t\n\t<h2>\n\t\tContact\n\t<\/h2>\n<p>\u0130stanbul Du\u0308nya Ticaret Merkezi, Atatu\u0308rk Cad. A1 Blok Kat:5 No:226 Yes\u0327ilko\u0308y Bak\u0131rko\u0308y <strong>I\u0307stanbul \/ TU\u0308RKI\u0307YE<\/strong><\/p>\n<p><a href=\"mailto:info@exhifuture.com\">info@exhifuture.com <\/a><\/p>\n<p><a href=\"tel: 902124666261\">+90 212 466 62 61<\/a><\/p>\n\t<p>Copyright \u00a9 2024 EXHIFUTURE \u0130stanbul &#8211; <a href=\"https:\/\/exhifuture.com\/en\/kvkk-metni\/\">GDPR Text<\/a><\/p>\n\t<p>Web Design<strong><a href=\"https:\/\/www.digitalkure.com\/\"> Digital K\u00fcre<\/a> \u00ae<\/strong><\/p>","protected":false},"excerpt":{"rendered":"<p>Misyon Yenilik\u00e7i \u00c7\u00f6z\u00fcmlerle \u0130\u015f D\u00fcnyas\u0131na &hellip;<\/p>\n<p class=\"read-more\"> <a class=\"\" href=\"https:\/\/exhifuture.com\/en\/corporate\/mission-vision\/\"> <span class=\"screen-reader-text\">Mission &amp; Vision<\/span> Read More \u00bb<\/a><\/p>","protected":false},"author":3,"featured_media":0,"parent":633,"menu_order":0,"comment_status":"closed","ping_status":"closed","template":"","meta":{"_uag_custom_page_level_css":"","site-sidebar-layout":"no-sidebar","site-content-layout":"page-builder","ast-site-content-layout":"full-width-container","site-content-style":"unboxed","site-sidebar-style":"unboxed","ast-global-header-display":"","ast-banner-title-visibility":"","ast-main-header-display":"","ast-hfb-above-header-display":"","ast-hfb-below-header-display":"","ast-hfb-mobile-header-display":"","site-post-title":"disabled","ast-breadcrumbs-content":"","ast-featured-img":"disabled","footer-sml-layout":"","theme-transparent-header-meta":"disabled","adv-header-id-meta":"","stick-header-meta":"","header-above-stick-meta":"","header-main-stick-meta":"","header-below-stick-meta":"","astra-migrate-meta-layouts":"set","footnotes":""},"class_list":["post-2724","page","type-page","status-publish","hentry"],"uagb_featured_image_src":{"full":false,"thumbnail":false,"medium":false,"medium_large":false,"large":false,"1536x1536":false,"2048x2048":false,"trp-custom-language-flag":false},"uagb_author_info":{"display_name":"Ali BARDIZ","author_link":"https:\/\/exhifuture.com\/en\/author\/ali\/"},"uagb_comment_info":0,"uagb_excerpt":"Misyon Yenilik\u00e7i \u00c7\u00f6z\u00fcmlerle \u0130\u015f D\u00fcnyas\u0131na &hellip; Misyon &#038; Vizyon Read More \u00bb","_links":{"self":[{"href":"https:\/\/exhifuture.com\/en\/wp-json\/wp\/v2\/pages\/2724","targetHints":{"allow":["GET"]}}],"collection":[{"href":"https:\/\/exhifuture.com\/en\/wp-json\/wp\/v2\/pages"}],"about":[{"href":"https:\/\/exhifuture.com\/en\/wp-json\/wp\/v2\/types\/page"}],"author":[{"embeddable":true,"href":"https:\/\/exhifuture.com\/en\/wp-json\/wp\/v2\/users\/3"}],"replies":[{"embeddable":true,"href":"https:\/\/exhifuture.com\/en\/wp-json\/wp\/v2\/comments?post=2724"}],"version-history":[{"count":3,"href":"https:\/\/exhifuture.com\/en\/wp-json\/wp\/v2\/pages\/2724\/revisions"}],"predecessor-version":[{"id":3511,"href":"https:\/\/exhifuture.com\/en\/wp-json\/wp\/v2\/pages\/2724\/revisions\/3511"}],"up":[{"embeddable":true,"href":"https:\/\/exhifuture.com\/en\/wp-json\/wp\/v2\/pages\/633"}],"wp:attachment":[{"href":"https:\/\/exhifuture.com\/en\/wp-json\/wp\/v2\/media?parent=2724"}],"curies":[{"name":"wp","href":"https:\/\/api.w.org\/{rel}","templated":true}]}}